{"id":15284,"date":"2023-05-25T14:56:42","date_gmt":"2023-05-25T14:56:42","guid":{"rendered":"https:\/\/skin2go.r-s.space\/?post_type=product&#038;p=15284"},"modified":"2025-08-21T14:02:46","modified_gmt":"2025-08-21T14:02:46","slug":"urban-rubble","status":"publish","type":"product","link":"https:\/\/skintrade.org\/pt-pt\/produto\/urban-rubble\/","title":{"rendered":"Urban Rubble"},"content":{"rendered":"<p>Tratando-se da op\u00e7\u00e3o mais econ\u00f3mica entre as espingardas de assalto exclusivas da equipa Terrorista, a Galil AR \u00e9 uma arma eficaz a m\u00e9dias e longas dist\u00e2ncias. Esta arma em particular foi pintada com um padr\u00e3o hidrogr\u00e1fico VariCamo.<\/p>\n","protected":false},"excerpt":{"rendered":"<p>Tratando-se da op\u00e7\u00e3o mais econ\u00f3mica entre as espingardas de assalto exclusivas da equipa Terrorista, a Galil AR \u00e9 uma arma eficaz a m\u00e9dias e longas dist\u00e2ncias. Esta arma em particular foi pintada com um padr\u00e3o hidrogr\u00e1fico VariCamo.<\/p>\n","protected":false},"featured_media":15294,"template":"","meta":[],"product_brand":[],"product_cat":[269,336],"product_tag":[],"class_list":{"0":"post-15284","1":"product","2":"type-product","3":"status-publish","4":"has-post-thumbnail","6":"product_cat-espingarda","7":"product_cat-galil-ar-pt-pt","8":"pa_rarity-padrao-industrial","9":"pa_start-four-stars-pt-pt","10":"pa_subcategories-galil-ar-pt-pt","12":"first","13":"instock","14":"shipping-taxable","15":"purchasable","16":"product-type-simple"},"_links":{"self":[{"href":"https:\/\/skintrade.org\/pt-pt\/wp-json\/wp\/v2\/product\/15284","targetHints":{"allow":["GET"]}}],"collection":[{"href":"https:\/\/skintrade.org\/pt-pt\/wp-json\/wp\/v2\/product"}],"about":[{"href":"https:\/\/skintrade.org\/pt-pt\/wp-json\/wp\/v2\/types\/product"}],"wp:featuredmedia":[{"embeddable":true,"href":"https:\/\/skintrade.org\/pt-pt\/wp-json\/wp\/v2\/media\/15294"}],"wp:attachment":[{"href":"https:\/\/skintrade.org\/pt-pt\/wp-json\/wp\/v2\/media?parent=15284"}],"wp:term":[{"taxonomy":"product_brand","embeddable":true,"href":"https:\/\/skintrade.org\/pt-pt\/wp-json\/wp\/v2\/product_brand?post=15284"},{"taxonomy":"product_cat","embeddable":true,"href":"https:\/\/skintrade.org\/pt-pt\/wp-json\/wp\/v2\/product_cat?post=15284"},{"taxonomy":"product_tag","embeddable":true,"href":"https:\/\/skintrade.org\/pt-pt\/wp-json\/wp\/v2\/product_tag?post=15284"}],"curies":[{"name":"wp","href":"https:\/\/api.w.org\/{rel}","templated":true}]}}