{"id":15145,"date":"2023-05-25T09:49:25","date_gmt":"2023-05-25T09:49:25","guid":{"rendered":"https:\/\/skin2go.r-s.space\/?post_type=product&#038;p=15145"},"modified":"2025-08-21T14:02:15","modified_gmt":"2025-08-21T14:02:15","slug":"trigon","status":"publish","type":"product","link":"https:\/\/skintrade.org\/pt-pt\/produto\/trigon\/","title":{"rendered":"Trigon"},"content":{"rendered":"<p>Facilmente reconhec\u00edvel pelo seu design &#8220;bullpup&#8221;, a P90 \u00e9 uma arma \u00f3tima para dar tiros enquanto andas devido ao seu carregador de capacidade elevada e por ser uma arma com pouco recuo. Esta arma em particular foi pintada com tr\u00eas cores contrastantes: laranja, cinzento e preto.<\/p>\n","protected":false},"excerpt":{"rendered":"<p>Facilmente reconhec\u00edvel pelo seu design &#8220;bullpup&#8221;, a P90 \u00e9 uma arma \u00f3tima para dar tiros enquanto andas devido ao seu carregador de capacidade elevada e por ser uma arma com pouco recuo. Esta arma em particular foi pintada com tr\u00eas cores contrastantes: laranja, cinzento e preto.<\/p>\n","protected":false},"featured_media":15155,"template":"","meta":[],"product_brand":[],"product_cat":[347,342],"product_tag":[],"class_list":{"0":"post-15145","1":"product","2":"type-product","3":"status-publish","4":"has-post-thumbnail","6":"product_cat-p90-pt-pt","7":"product_cat-submetralhadoras","8":"pa_rarity-confidencial","9":"pa_start-three-stars-pt-pt","10":"pa_subcategories-p90-pt-pt","12":"first","13":"instock","14":"shipping-taxable","15":"purchasable","16":"product-type-simple"},"_links":{"self":[{"href":"https:\/\/skintrade.org\/pt-pt\/wp-json\/wp\/v2\/product\/15145","targetHints":{"allow":["GET"]}}],"collection":[{"href":"https:\/\/skintrade.org\/pt-pt\/wp-json\/wp\/v2\/product"}],"about":[{"href":"https:\/\/skintrade.org\/pt-pt\/wp-json\/wp\/v2\/types\/product"}],"wp:featuredmedia":[{"embeddable":true,"href":"https:\/\/skintrade.org\/pt-pt\/wp-json\/wp\/v2\/media\/15155"}],"wp:attachment":[{"href":"https:\/\/skintrade.org\/pt-pt\/wp-json\/wp\/v2\/media?parent=15145"}],"wp:term":[{"taxonomy":"product_brand","embeddable":true,"href":"https:\/\/skintrade.org\/pt-pt\/wp-json\/wp\/v2\/product_brand?post=15145"},{"taxonomy":"product_cat","embeddable":true,"href":"https:\/\/skintrade.org\/pt-pt\/wp-json\/wp\/v2\/product_cat?post=15145"},{"taxonomy":"product_tag","embeddable":true,"href":"https:\/\/skintrade.org\/pt-pt\/wp-json\/wp\/v2\/product_tag?post=15145"}],"curies":[{"name":"wp","href":"https:\/\/api.w.org\/{rel}","templated":true}]}}