{"id":15089,"date":"2023-05-25T09:23:28","date_gmt":"2023-05-25T09:23:28","guid":{"rendered":"https:\/\/skin2go.r-s.space\/?post_type=product&#038;p=15089"},"modified":"2023-05-25T09:28:19","modified_gmt":"2023-05-25T09:28:19","slug":"army-sheen-2","status":"publish","type":"product","link":"https:\/\/skintrade.org\/pt-pt\/produto\/army-sheen-2\/","title":{"rendered":"Army Sheen"},"content":{"rendered":"<p>Produzida na Su\u00ed\u00e7a, a submetralhadora MP9 \u00e9 uma arma inovadora e ergon\u00f3mica, muito usada por empresas de seguran\u00e7a privadas. Esta arma em particular foi revestida em pel\u00edcula metalizada e decorada com um padr\u00e3o de camuflagem.<\/p>\n","protected":false},"excerpt":{"rendered":"<p>Produzida na Su\u00ed\u00e7a, a submetralhadora MP9 \u00e9 uma arma inovadora e ergon\u00f3mica, muito usada por empresas de seguran\u00e7a privadas. Esta arma em particular foi revestida em pel\u00edcula metalizada e decorada com um padr\u00e3o de camuflagem.<\/p>\n","protected":false},"featured_media":15099,"template":"","meta":[],"product_brand":[],"product_cat":[346,342],"product_tag":[],"class_list":{"0":"post-15089","1":"product","2":"type-product","3":"status-publish","4":"has-post-thumbnail","6":"product_cat-mp9-pt-pt","7":"product_cat-submetralhadoras","8":"pa_rarity-padrao-domestico","9":"pa_start-three-stars-pt-pt","10":"pa_subcategories-mp9-pt-pt","12":"first","13":"instock","14":"shipping-taxable","15":"purchasable","16":"product-type-simple"},"_links":{"self":[{"href":"https:\/\/skintrade.org\/pt-pt\/wp-json\/wp\/v2\/product\/15089","targetHints":{"allow":["GET"]}}],"collection":[{"href":"https:\/\/skintrade.org\/pt-pt\/wp-json\/wp\/v2\/product"}],"about":[{"href":"https:\/\/skintrade.org\/pt-pt\/wp-json\/wp\/v2\/types\/product"}],"wp:featuredmedia":[{"embeddable":true,"href":"https:\/\/skintrade.org\/pt-pt\/wp-json\/wp\/v2\/media\/15099"}],"wp:attachment":[{"href":"https:\/\/skintrade.org\/pt-pt\/wp-json\/wp\/v2\/media?parent=15089"}],"wp:term":[{"taxonomy":"product_brand","embeddable":true,"href":"https:\/\/skintrade.org\/pt-pt\/wp-json\/wp\/v2\/product_brand?post=15089"},{"taxonomy":"product_cat","embeddable":true,"href":"https:\/\/skintrade.org\/pt-pt\/wp-json\/wp\/v2\/product_cat?post=15089"},{"taxonomy":"product_tag","embeddable":true,"href":"https:\/\/skintrade.org\/pt-pt\/wp-json\/wp\/v2\/product_tag?post=15089"}],"curies":[{"name":"wp","href":"https:\/\/api.w.org\/{rel}","templated":true}]}}