{"id":15055,"date":"2023-05-25T09:12:19","date_gmt":"2023-05-25T09:12:19","guid":{"rendered":"https:\/\/skin2go.r-s.space\/?post_type=product&#038;p=15055"},"modified":"2023-05-25T09:16:53","modified_gmt":"2023-05-25T09:16:53","slug":"featherweight","status":"publish","type":"product","link":"https:\/\/skintrade.org\/pt-pt\/produto\/featherweight\/","title":{"rendered":"Featherweight"},"content":{"rendered":"<p>Produzida na Su\u00ed\u00e7a, a submetralhadora MP9 \u00e9 uma arma inovadora e ergon\u00f3mica, muito usada por empresas de seguran\u00e7a privadas. Esta arma em particular foi pintada com um padr\u00e3o preto e branco para parecer porosa, tornando\u2011a talvez mais leve para o portador.<\/p>\n","protected":false},"excerpt":{"rendered":"<p>Produzida na Su\u00ed\u00e7a, a submetralhadora MP9 \u00e9 uma arma inovadora e ergon\u00f3mica, muito usada por empresas de seguran\u00e7a privadas. Esta arma em particular foi pintada com um padr\u00e3o preto e branco para parecer porosa, tornando\u2011a talvez mais leve para o portador.<\/p>\n","protected":false},"featured_media":15061,"template":"","meta":[],"product_brand":[],"product_cat":[346,342],"product_tag":[],"class_list":{"0":"post-15055","1":"product","2":"type-product","3":"status-publish","4":"has-post-thumbnail","6":"product_cat-mp9-pt-pt","7":"product_cat-submetralhadoras","8":"pa_rarity-padrao-militar","9":"pa_start-three-stars-pt-pt","10":"pa_subcategories-mp9-pt-pt","12":"first","13":"instock","14":"shipping-taxable","15":"purchasable","16":"product-type-simple"},"_links":{"self":[{"href":"https:\/\/skintrade.org\/pt-pt\/wp-json\/wp\/v2\/product\/15055","targetHints":{"allow":["GET"]}}],"collection":[{"href":"https:\/\/skintrade.org\/pt-pt\/wp-json\/wp\/v2\/product"}],"about":[{"href":"https:\/\/skintrade.org\/pt-pt\/wp-json\/wp\/v2\/types\/product"}],"wp:featuredmedia":[{"embeddable":true,"href":"https:\/\/skintrade.org\/pt-pt\/wp-json\/wp\/v2\/media\/15061"}],"wp:attachment":[{"href":"https:\/\/skintrade.org\/pt-pt\/wp-json\/wp\/v2\/media?parent=15055"}],"wp:term":[{"taxonomy":"product_brand","embeddable":true,"href":"https:\/\/skintrade.org\/pt-pt\/wp-json\/wp\/v2\/product_brand?post=15055"},{"taxonomy":"product_cat","embeddable":true,"href":"https:\/\/skintrade.org\/pt-pt\/wp-json\/wp\/v2\/product_cat?post=15055"},{"taxonomy":"product_tag","embeddable":true,"href":"https:\/\/skintrade.org\/pt-pt\/wp-json\/wp\/v2\/product_tag?post=15055"}],"curies":[{"name":"wp","href":"https:\/\/api.w.org\/{rel}","templated":true}]}}