{"id":15024,"date":"2023-05-25T08:47:46","date_gmt":"2023-05-25T08:47:46","guid":{"rendered":"https:\/\/skin2go.r-s.space\/?post_type=product&#038;p=15024"},"modified":"2025-08-21T14:01:41","modified_gmt":"2025-08-21T14:01:41","slug":"green-plaid","status":"publish","type":"product","link":"https:\/\/skintrade.org\/pt-pt\/produto\/green-plaid\/","title":{"rendered":"Green Plaid"},"content":{"rendered":"<p>Produzida na Su\u00ed\u00e7a, a submetralhadora MP9 \u00e9 uma arma inovadora e ergon\u00f3mica, muito usada por empresas de seguran\u00e7a privadas. Esta arma em particular foi decorada com um padr\u00e3o esverdeado e castanho-acizentado axadrezado.<\/p>\n","protected":false},"excerpt":{"rendered":"<p>Produzida na Su\u00ed\u00e7a, a submetralhadora MP9 \u00e9 uma arma inovadora e ergon\u00f3mica, muito usada por empresas de seguran\u00e7a privadas. Esta arma em particular foi decorada com um padr\u00e3o esverdeado e castanho-acizentado axadrezado.<\/p>\n","protected":false},"featured_media":15035,"template":"","meta":[],"product_brand":[],"product_cat":[346,342],"product_tag":[],"class_list":{"0":"post-15024","1":"product","2":"type-product","3":"status-publish","4":"has-post-thumbnail","6":"product_cat-mp9-pt-pt","7":"product_cat-submetralhadoras","8":"pa_rarity-padrao-domestico","9":"pa_start-three-stars-pt-pt","10":"pa_subcategories-mp9-pt-pt","12":"first","13":"instock","14":"shipping-taxable","15":"purchasable","16":"product-type-simple"},"_links":{"self":[{"href":"https:\/\/skintrade.org\/pt-pt\/wp-json\/wp\/v2\/product\/15024","targetHints":{"allow":["GET"]}}],"collection":[{"href":"https:\/\/skintrade.org\/pt-pt\/wp-json\/wp\/v2\/product"}],"about":[{"href":"https:\/\/skintrade.org\/pt-pt\/wp-json\/wp\/v2\/types\/product"}],"wp:featuredmedia":[{"embeddable":true,"href":"https:\/\/skintrade.org\/pt-pt\/wp-json\/wp\/v2\/media\/15035"}],"wp:attachment":[{"href":"https:\/\/skintrade.org\/pt-pt\/wp-json\/wp\/v2\/media?parent=15024"}],"wp:term":[{"taxonomy":"product_brand","embeddable":true,"href":"https:\/\/skintrade.org\/pt-pt\/wp-json\/wp\/v2\/product_brand?post=15024"},{"taxonomy":"product_cat","embeddable":true,"href":"https:\/\/skintrade.org\/pt-pt\/wp-json\/wp\/v2\/product_cat?post=15024"},{"taxonomy":"product_tag","embeddable":true,"href":"https:\/\/skintrade.org\/pt-pt\/wp-json\/wp\/v2\/product_tag?post=15024"}],"curies":[{"name":"wp","href":"https:\/\/api.w.org\/{rel}","templated":true}]}}