{"id":14988,"date":"2023-05-25T08:35:53","date_gmt":"2023-05-25T08:35:53","guid":{"rendered":"https:\/\/skin2go.r-s.space\/?post_type=product&#038;p=14988"},"modified":"2025-08-21T14:01:34","modified_gmt":"2025-08-21T14:01:34","slug":"hydra","status":"publish","type":"product","link":"https:\/\/skintrade.org\/pt-pt\/produto\/hydra\/","title":{"rendered":"Hydra"},"content":{"rendered":"<p>Produzida na Su\u00ed\u00e7a, a submetralhadora MP9 \u00e9 uma arma inovadora e ergon\u00f3mica, muito usada por empresas de seguran\u00e7a privadas. O tema desta arma em particular \u00e9 uma refer\u00eancia \u00e0 Opera\u00e7\u00e3o Hydra, a oitava opera\u00e7\u00e3o do CS:GO.<\/p>\n","protected":false},"excerpt":{"rendered":"<p>Produzida na Su\u00ed\u00e7a, a submetralhadora MP9 \u00e9 uma arma inovadora e ergon\u00f3mica, muito usada por empresas de seguran\u00e7a privadas. O tema desta arma em particular \u00e9 uma refer\u00eancia \u00e0 Opera\u00e7\u00e3o Hydra, a oitava opera\u00e7\u00e3o do CS:GO.<\/p>\n","protected":false},"featured_media":14994,"template":"","meta":[],"product_brand":[],"product_cat":[346,342],"product_tag":[],"class_list":{"0":"post-14988","1":"product","2":"type-product","3":"status-publish","4":"has-post-thumbnail","6":"product_cat-mp9-pt-pt","7":"product_cat-submetralhadoras","8":"pa_rarity-confidencial","9":"pa_start-four-stars-pt-pt","10":"pa_subcategories-mp9-pt-pt","12":"first","13":"instock","14":"shipping-taxable","15":"purchasable","16":"product-type-simple"},"_links":{"self":[{"href":"https:\/\/skintrade.org\/pt-pt\/wp-json\/wp\/v2\/product\/14988","targetHints":{"allow":["GET"]}}],"collection":[{"href":"https:\/\/skintrade.org\/pt-pt\/wp-json\/wp\/v2\/product"}],"about":[{"href":"https:\/\/skintrade.org\/pt-pt\/wp-json\/wp\/v2\/types\/product"}],"wp:featuredmedia":[{"embeddable":true,"href":"https:\/\/skintrade.org\/pt-pt\/wp-json\/wp\/v2\/media\/14994"}],"wp:attachment":[{"href":"https:\/\/skintrade.org\/pt-pt\/wp-json\/wp\/v2\/media?parent=14988"}],"wp:term":[{"taxonomy":"product_brand","embeddable":true,"href":"https:\/\/skintrade.org\/pt-pt\/wp-json\/wp\/v2\/product_brand?post=14988"},{"taxonomy":"product_cat","embeddable":true,"href":"https:\/\/skintrade.org\/pt-pt\/wp-json\/wp\/v2\/product_cat?post=14988"},{"taxonomy":"product_tag","embeddable":true,"href":"https:\/\/skintrade.org\/pt-pt\/wp-json\/wp\/v2\/product_tag?post=14988"}],"curies":[{"name":"wp","href":"https:\/\/api.w.org\/{rel}","templated":true}]}}