{"id":14880,"date":"2023-05-25T07:09:58","date_gmt":"2023-05-25T07:09:58","guid":{"rendered":"https:\/\/skin2go.r-s.space\/?post_type=product&#038;p=14880"},"modified":"2025-08-21T14:01:01","modified_gmt":"2025-08-21T14:01:01","slug":"ocean-foam","status":"publish","type":"product","link":"https:\/\/skintrade.org\/pt-pt\/produto\/ocean-foam\/","title":{"rendered":"Ocean Foam"},"content":{"rendered":"<p>Vinda da Alemanha, a submetralhadora MP7 \u00e9 vers\u00e1til, cara e a op\u00e7\u00e3o perfeita para causar imenso dano em curtas dist\u00e2ncias. Este item foi pintado com um padr\u00e3o transparente azul abstrato sobre uma camada base metalizada.<\/p>\n","protected":false},"excerpt":{"rendered":"<p>Vinda da Alemanha, a submetralhadora MP7 \u00e9 vers\u00e1til, cara e a op\u00e7\u00e3o perfeita para causar imenso dano em curtas dist\u00e2ncias. Este item foi pintado com um padr\u00e3o transparente azul abstrato sobre uma camada base metalizada.<\/p>\n","protected":false},"featured_media":14890,"template":"","meta":[],"product_brand":[],"product_cat":[345,342],"product_tag":[],"class_list":{"0":"post-14880","1":"product","2":"type-product","3":"status-publish","4":"has-post-thumbnail","6":"product_cat-mp7-pt-pt","7":"product_cat-submetralhadoras","8":"pa_rarity-restrito","9":"pa_start-five-stars-pt-pt","10":"pa_subcategories-mp7-pt-pt","12":"first","13":"instock","14":"shipping-taxable","15":"purchasable","16":"product-type-simple"},"_links":{"self":[{"href":"https:\/\/skintrade.org\/pt-pt\/wp-json\/wp\/v2\/product\/14880","targetHints":{"allow":["GET"]}}],"collection":[{"href":"https:\/\/skintrade.org\/pt-pt\/wp-json\/wp\/v2\/product"}],"about":[{"href":"https:\/\/skintrade.org\/pt-pt\/wp-json\/wp\/v2\/types\/product"}],"wp:featuredmedia":[{"embeddable":true,"href":"https:\/\/skintrade.org\/pt-pt\/wp-json\/wp\/v2\/media\/14890"}],"wp:attachment":[{"href":"https:\/\/skintrade.org\/pt-pt\/wp-json\/wp\/v2\/media?parent=14880"}],"wp:term":[{"taxonomy":"product_brand","embeddable":true,"href":"https:\/\/skintrade.org\/pt-pt\/wp-json\/wp\/v2\/product_brand?post=14880"},{"taxonomy":"product_cat","embeddable":true,"href":"https:\/\/skintrade.org\/pt-pt\/wp-json\/wp\/v2\/product_cat?post=14880"},{"taxonomy":"product_tag","embeddable":true,"href":"https:\/\/skintrade.org\/pt-pt\/wp-json\/wp\/v2\/product_tag?post=14880"}],"curies":[{"name":"wp","href":"https:\/\/api.w.org\/{rel}","templated":true}]}}