{"id":14878,"date":"2023-05-25T07:09:50","date_gmt":"2023-05-25T07:09:50","guid":{"rendered":"https:\/\/skin2go.r-s.space\/?post_type=product&#038;p=14878"},"modified":"2023-05-25T07:16:08","modified_gmt":"2023-05-25T07:16:08","slug":"bloodsport","status":"publish","type":"product","link":"https:\/\/skintrade.org\/pt-pt\/produto\/bloodsport\/","title":{"rendered":"Bloodsport"},"content":{"rendered":"<p>Vinda da Alemanha, a submetralhadora MP7 \u00e9 vers\u00e1til, cara e a op\u00e7\u00e3o perfeita para causar imenso dano em curtas dist\u00e2ncias. Esta arma em particular foi coberta de decalques de log\u00f3tipos brancos sobre um padr\u00e3o hidrogr\u00e1fico vermelho e preto.<\/p>\n","protected":false},"excerpt":{"rendered":"<p>Vinda da Alemanha, a submetralhadora MP7 \u00e9 vers\u00e1til, cara e a op\u00e7\u00e3o perfeita para causar imenso dano em curtas dist\u00e2ncias. Esta arma em particular foi coberta de decalques de log\u00f3tipos brancos sobre um padr\u00e3o hidrogr\u00e1fico vermelho e preto.<\/p>\n","protected":false},"featured_media":14884,"template":"","meta":[],"product_brand":[],"product_cat":[345,342],"product_tag":[],"class_list":{"0":"post-14878","1":"product","2":"type-product","3":"status-publish","4":"has-post-thumbnail","6":"product_cat-mp7-pt-pt","7":"product_cat-submetralhadoras","8":"pa_rarity-secreto","9":"pa_start-two-stars-pt-pt","10":"pa_subcategories-mp7-pt-pt","12":"first","13":"instock","14":"shipping-taxable","15":"purchasable","16":"product-type-simple"},"_links":{"self":[{"href":"https:\/\/skintrade.org\/pt-pt\/wp-json\/wp\/v2\/product\/14878","targetHints":{"allow":["GET"]}}],"collection":[{"href":"https:\/\/skintrade.org\/pt-pt\/wp-json\/wp\/v2\/product"}],"about":[{"href":"https:\/\/skintrade.org\/pt-pt\/wp-json\/wp\/v2\/types\/product"}],"wp:featuredmedia":[{"embeddable":true,"href":"https:\/\/skintrade.org\/pt-pt\/wp-json\/wp\/v2\/media\/14884"}],"wp:attachment":[{"href":"https:\/\/skintrade.org\/pt-pt\/wp-json\/wp\/v2\/media?parent=14878"}],"wp:term":[{"taxonomy":"product_brand","embeddable":true,"href":"https:\/\/skintrade.org\/pt-pt\/wp-json\/wp\/v2\/product_brand?post=14878"},{"taxonomy":"product_cat","embeddable":true,"href":"https:\/\/skintrade.org\/pt-pt\/wp-json\/wp\/v2\/product_cat?post=14878"},{"taxonomy":"product_tag","embeddable":true,"href":"https:\/\/skintrade.org\/pt-pt\/wp-json\/wp\/v2\/product_tag?post=14878"}],"curies":[{"name":"wp","href":"https:\/\/api.w.org\/{rel}","templated":true}]}}