{"id":14862,"date":"2023-05-25T07:03:39","date_gmt":"2023-05-25T07:03:39","guid":{"rendered":"https:\/\/skin2go.r-s.space\/?post_type=product&#038;p=14862"},"modified":"2023-05-25T07:08:34","modified_gmt":"2023-05-25T07:08:34","slug":"groundwater-2","status":"publish","type":"product","link":"https:\/\/skintrade.org\/pt-pt\/produto\/groundwater-2\/","title":{"rendered":"Groundwater"},"content":{"rendered":"<p>Vinda da Alemanha, a submetralhadora MP7 \u00e9 vers\u00e1til, cara e a op\u00e7\u00e3o perfeita para causar imenso dano em curtas dist\u00e2ncias. Esta arma \u00e9 uma lembran\u00e7a do mapa &#8216;Cache&#8217; e certas partes individuais deste item foram pintadas totalmente a spray com cores esverdeadas.<\/p>\n","protected":false},"excerpt":{"rendered":"<p>Vinda da Alemanha, a submetralhadora MP7 \u00e9 vers\u00e1til, cara e a op\u00e7\u00e3o perfeita para causar imenso dano em curtas dist\u00e2ncias. Esta arma \u00e9 uma lembran\u00e7a do mapa &#8216;Cache&#8217; e certas partes individuais deste item foram pintadas totalmente a spray com cores esverdeadas.<\/p>\n","protected":false},"featured_media":14868,"template":"","meta":[],"product_brand":[],"product_cat":[345,342],"product_tag":[],"class_list":{"0":"post-14862","1":"product","2":"type-product","3":"status-publish","4":"has-post-thumbnail","6":"product_cat-mp7-pt-pt","7":"product_cat-submetralhadoras","8":"pa_rarity-padrao-domestico","9":"pa_start-three-stars-pt-pt","10":"pa_subcategories-mp7-pt-pt","12":"first","13":"instock","14":"shipping-taxable","15":"purchasable","16":"product-type-simple"},"_links":{"self":[{"href":"https:\/\/skintrade.org\/pt-pt\/wp-json\/wp\/v2\/product\/14862","targetHints":{"allow":["GET"]}}],"collection":[{"href":"https:\/\/skintrade.org\/pt-pt\/wp-json\/wp\/v2\/product"}],"about":[{"href":"https:\/\/skintrade.org\/pt-pt\/wp-json\/wp\/v2\/types\/product"}],"wp:featuredmedia":[{"embeddable":true,"href":"https:\/\/skintrade.org\/pt-pt\/wp-json\/wp\/v2\/media\/14868"}],"wp:attachment":[{"href":"https:\/\/skintrade.org\/pt-pt\/wp-json\/wp\/v2\/media?parent=14862"}],"wp:term":[{"taxonomy":"product_brand","embeddable":true,"href":"https:\/\/skintrade.org\/pt-pt\/wp-json\/wp\/v2\/product_brand?post=14862"},{"taxonomy":"product_cat","embeddable":true,"href":"https:\/\/skintrade.org\/pt-pt\/wp-json\/wp\/v2\/product_cat?post=14862"},{"taxonomy":"product_tag","embeddable":true,"href":"https:\/\/skintrade.org\/pt-pt\/wp-json\/wp\/v2\/product_tag?post=14862"}],"curies":[{"name":"wp","href":"https:\/\/api.w.org\/{rel}","templated":true}]}}