{"id":14798,"date":"2023-05-24T14:34:44","date_gmt":"2023-05-24T14:34:44","guid":{"rendered":"https:\/\/skin2go.r-s.space\/?post_type=product&#038;p=14798"},"modified":"2025-08-21T14:00:25","modified_gmt":"2025-08-21T14:00:25","slug":"vendetta","status":"publish","type":"product","link":"https:\/\/skintrade.org\/pt-pt\/produto\/vendetta\/","title":{"rendered":"Vendetta"},"content":{"rendered":"<p>Uma variante totalmente autom\u00e1tica da CZ75, a CZ75-Auto \u00e9 a escolha ideal a curto prazo para dar a volta \u00e0 partida e conseguir obter uma arma do inimigo. Mas com t\u00e3o poucas muni\u00e7\u00f5es no carregador, \u00e9 preciso moderar os disparos. Esta arma em particular possui uma apar\u00eancia desgastada com inscri\u00e7\u00f5es e desenhos, tendo sido refor\u00e7ada com o seu uso ao longo dos anos.<\/p>\n","protected":false},"excerpt":{"rendered":"<p>Uma variante totalmente autom\u00e1tica da CZ75, a CZ75-Auto \u00e9 a escolha ideal a curto prazo para dar a volta \u00e0 partida e conseguir obter uma arma do inimigo. Mas com t\u00e3o poucas muni\u00e7\u00f5es no carregador, \u00e9 preciso moderar os disparos. Esta arma em particular possui uma apar\u00eancia desgastada com inscri\u00e7\u00f5es e desenhos, tendo sido refor\u00e7ada [&#8230;]\n","protected":false},"featured_media":14802,"template":"","meta":[],"product_brand":[],"product_cat":[322,321],"product_tag":[],"class_list":{"0":"post-14798","1":"product","2":"type-product","3":"status-publish","4":"has-post-thumbnail","6":"product_cat-cz75-auto-pt-pt","7":"product_cat-pistolas","8":"pa_rarity-padrao-militar","9":"pa_start-three-stars-pt-pt","10":"pa_subcategories-cz75-auto-pt-pt","12":"first","13":"instock","14":"shipping-taxable","15":"purchasable","16":"product-type-simple"},"_links":{"self":[{"href":"https:\/\/skintrade.org\/pt-pt\/wp-json\/wp\/v2\/product\/14798","targetHints":{"allow":["GET"]}}],"collection":[{"href":"https:\/\/skintrade.org\/pt-pt\/wp-json\/wp\/v2\/product"}],"about":[{"href":"https:\/\/skintrade.org\/pt-pt\/wp-json\/wp\/v2\/types\/product"}],"wp:featuredmedia":[{"embeddable":true,"href":"https:\/\/skintrade.org\/pt-pt\/wp-json\/wp\/v2\/media\/14802"}],"wp:attachment":[{"href":"https:\/\/skintrade.org\/pt-pt\/wp-json\/wp\/v2\/media?parent=14798"}],"wp:term":[{"taxonomy":"product_brand","embeddable":true,"href":"https:\/\/skintrade.org\/pt-pt\/wp-json\/wp\/v2\/product_brand?post=14798"},{"taxonomy":"product_cat","embeddable":true,"href":"https:\/\/skintrade.org\/pt-pt\/wp-json\/wp\/v2\/product_cat?post=14798"},{"taxonomy":"product_tag","embeddable":true,"href":"https:\/\/skintrade.org\/pt-pt\/wp-json\/wp\/v2\/product_tag?post=14798"}],"curies":[{"name":"wp","href":"https:\/\/api.w.org\/{rel}","templated":true}]}}