{"id":14760,"date":"2023-05-24T14:15:32","date_gmt":"2023-05-24T14:15:32","guid":{"rendered":"https:\/\/skin2go.r-s.space\/?post_type=product&#038;p=14760"},"modified":"2025-08-21T14:00:24","modified_gmt":"2025-08-21T14:00:24","slug":"tread-plate","status":"publish","type":"product","link":"https:\/\/skintrade.org\/pt-pt\/produto\/tread-plate\/","title":{"rendered":"Tread Plate"},"content":{"rendered":"<p>Uma variante totalmente autom\u00e1tica da CZ75, a CZ75-Auto \u00e9 a escolha ideal a curto prazo para dar a volta \u00e0 partida e conseguir obter uma arma do inimigo. Mas com t\u00e3o poucas muni\u00e7\u00f5es no carregador, \u00e9 preciso moderar os disparos. Esta arma em particular foi revestida em pel\u00edcula metalizada e decorada com um padr\u00e3o de chapa de a\u00e7o.<\/p>\n","protected":false},"excerpt":{"rendered":"<p>Uma variante totalmente autom\u00e1tica da CZ75, a CZ75-Auto \u00e9 a escolha ideal a curto prazo para dar a volta \u00e0 partida e conseguir obter uma arma do inimigo. Mas com t\u00e3o poucas muni\u00e7\u00f5es no carregador, \u00e9 preciso moderar os disparos. Esta arma em particular foi revestida em pel\u00edcula metalizada e decorada com um padr\u00e3o de [&#8230;]\n","protected":false},"featured_media":14768,"template":"","meta":[],"product_brand":[],"product_cat":[322,321],"product_tag":[],"class_list":{"0":"post-14760","1":"product","2":"type-product","3":"status-publish","4":"has-post-thumbnail","6":"product_cat-cz75-auto-pt-pt","7":"product_cat-pistolas","8":"pa_rarity-restrito","9":"pa_start-two-stars-pt-pt","10":"pa_subcategories-cz75-auto-pt-pt","12":"first","13":"instock","14":"shipping-taxable","15":"purchasable","16":"product-type-simple"},"_links":{"self":[{"href":"https:\/\/skintrade.org\/pt-pt\/wp-json\/wp\/v2\/product\/14760","targetHints":{"allow":["GET"]}}],"collection":[{"href":"https:\/\/skintrade.org\/pt-pt\/wp-json\/wp\/v2\/product"}],"about":[{"href":"https:\/\/skintrade.org\/pt-pt\/wp-json\/wp\/v2\/types\/product"}],"wp:featuredmedia":[{"embeddable":true,"href":"https:\/\/skintrade.org\/pt-pt\/wp-json\/wp\/v2\/media\/14768"}],"wp:attachment":[{"href":"https:\/\/skintrade.org\/pt-pt\/wp-json\/wp\/v2\/media?parent=14760"}],"wp:term":[{"taxonomy":"product_brand","embeddable":true,"href":"https:\/\/skintrade.org\/pt-pt\/wp-json\/wp\/v2\/product_brand?post=14760"},{"taxonomy":"product_cat","embeddable":true,"href":"https:\/\/skintrade.org\/pt-pt\/wp-json\/wp\/v2\/product_cat?post=14760"},{"taxonomy":"product_tag","embeddable":true,"href":"https:\/\/skintrade.org\/pt-pt\/wp-json\/wp\/v2\/product_tag?post=14760"}],"curies":[{"name":"wp","href":"https:\/\/api.w.org\/{rel}","templated":true}]}}