{"id":14674,"date":"2023-05-23T16:36:32","date_gmt":"2023-05-23T16:36:32","guid":{"rendered":"https:\/\/skin2go.r-s.space\/?post_type=product&#038;p=14674"},"modified":"2025-08-21T13:59:51","modified_gmt":"2025-08-21T13:59:51","slug":"groundwater","status":"publish","type":"product","link":"https:\/\/skintrade.org\/pt-pt\/produto\/groundwater\/","title":{"rendered":"Groundwater"},"content":{"rendered":"<p>A Tec-9 \u00e9 uma pistola ideal para os Terroristas que se deslocam com frequ\u00eancia, sempre letal em combates a curtas dist\u00e2ncias e possui carregadores com um elevado n\u00famero de balas. Certas partes individuais deste item foram pintadas totalmente a spray com cores esverdeadas.<\/p>\n","protected":false},"excerpt":{"rendered":"<p>A Tec-9 \u00e9 uma pistola ideal para os Terroristas que se deslocam com frequ\u00eancia, sempre letal em combates a curtas dist\u00e2ncias e possui carregadores com um elevado n\u00famero de balas. Certas partes individuais deste item foram pintadas totalmente a spray com cores esverdeadas.<\/p>\n","protected":false},"featured_media":14678,"template":"","meta":[],"product_brand":[],"product_cat":[321,330],"product_tag":[],"class_list":{"0":"post-14674","1":"product","2":"type-product","3":"status-publish","4":"has-post-thumbnail","6":"product_cat-pistolas","7":"product_cat-tec-9-pt-pt","8":"pa_rarity-padrao-domestico","9":"pa_start-four-stars-pt-pt","10":"pa_subcategories-tec-9-pt-pt","12":"first","13":"instock","14":"shipping-taxable","15":"purchasable","16":"product-type-simple"},"_links":{"self":[{"href":"https:\/\/skintrade.org\/pt-pt\/wp-json\/wp\/v2\/product\/14674","targetHints":{"allow":["GET"]}}],"collection":[{"href":"https:\/\/skintrade.org\/pt-pt\/wp-json\/wp\/v2\/product"}],"about":[{"href":"https:\/\/skintrade.org\/pt-pt\/wp-json\/wp\/v2\/types\/product"}],"wp:featuredmedia":[{"embeddable":true,"href":"https:\/\/skintrade.org\/pt-pt\/wp-json\/wp\/v2\/media\/14678"}],"wp:attachment":[{"href":"https:\/\/skintrade.org\/pt-pt\/wp-json\/wp\/v2\/media?parent=14674"}],"wp:term":[{"taxonomy":"product_brand","embeddable":true,"href":"https:\/\/skintrade.org\/pt-pt\/wp-json\/wp\/v2\/product_brand?post=14674"},{"taxonomy":"product_cat","embeddable":true,"href":"https:\/\/skintrade.org\/pt-pt\/wp-json\/wp\/v2\/product_cat?post=14674"},{"taxonomy":"product_tag","embeddable":true,"href":"https:\/\/skintrade.org\/pt-pt\/wp-json\/wp\/v2\/product_tag?post=14674"}],"curies":[{"name":"wp","href":"https:\/\/api.w.org\/{rel}","templated":true}]}}