{"id":14628,"date":"2023-05-23T16:16:02","date_gmt":"2023-05-23T16:16:02","guid":{"rendered":"https:\/\/skin2go.r-s.space\/?post_type=product&#038;p=14628"},"modified":"2025-08-21T13:59:08","modified_gmt":"2025-08-21T13:59:08","slug":"isaac","status":"publish","type":"product","link":"https:\/\/skintrade.org\/pt-pt\/produto\/isaac\/","title":{"rendered":"Isaac"},"content":{"rendered":"<p>A Tec-9 \u00e9 uma pistola ideal para os Terroristas que se deslocam com frequ\u00eancia, sempre letal em combates a curtas dist\u00e2ncias e possui carregadores com um elevado n\u00famero de balas. Esta arma em particular foi pintada com um tema de fic\u00e7\u00e3o cient\u00edfica.<\/p>\n","protected":false},"excerpt":{"rendered":"<p>A Tec-9 \u00e9 uma pistola ideal para os Terroristas que se deslocam com frequ\u00eancia, sempre letal em combates a curtas dist\u00e2ncias e possui carregadores com um elevado n\u00famero de balas. Esta arma em particular foi pintada com um tema de fic\u00e7\u00e3o cient\u00edfica.<\/p>\n","protected":false},"featured_media":14638,"template":"","meta":[],"product_brand":[],"product_cat":[321,330],"product_tag":[],"class_list":{"0":"post-14628","1":"product","2":"type-product","3":"status-publish","4":"has-post-thumbnail","6":"product_cat-pistolas","7":"product_cat-tec-9-pt-pt","8":"pa_rarity-padrao-militar","9":"pa_start-four-stars-pt-pt","10":"pa_subcategories-tec-9-pt-pt","12":"first","13":"instock","14":"shipping-taxable","15":"purchasable","16":"product-type-simple"},"_links":{"self":[{"href":"https:\/\/skintrade.org\/pt-pt\/wp-json\/wp\/v2\/product\/14628","targetHints":{"allow":["GET"]}}],"collection":[{"href":"https:\/\/skintrade.org\/pt-pt\/wp-json\/wp\/v2\/product"}],"about":[{"href":"https:\/\/skintrade.org\/pt-pt\/wp-json\/wp\/v2\/types\/product"}],"wp:featuredmedia":[{"embeddable":true,"href":"https:\/\/skintrade.org\/pt-pt\/wp-json\/wp\/v2\/media\/14638"}],"wp:attachment":[{"href":"https:\/\/skintrade.org\/pt-pt\/wp-json\/wp\/v2\/media?parent=14628"}],"wp:term":[{"taxonomy":"product_brand","embeddable":true,"href":"https:\/\/skintrade.org\/pt-pt\/wp-json\/wp\/v2\/product_brand?post=14628"},{"taxonomy":"product_cat","embeddable":true,"href":"https:\/\/skintrade.org\/pt-pt\/wp-json\/wp\/v2\/product_cat?post=14628"},{"taxonomy":"product_tag","embeddable":true,"href":"https:\/\/skintrade.org\/pt-pt\/wp-json\/wp\/v2\/product_tag?post=14628"}],"curies":[{"name":"wp","href":"https:\/\/api.w.org\/{rel}","templated":true}]}}