{"id":14626,"date":"2023-05-23T16:15:50","date_gmt":"2023-05-23T16:15:50","guid":{"rendered":"https:\/\/skin2go.r-s.space\/?post_type=product&#038;p=14626"},"modified":"2025-08-21T13:59:15","modified_gmt":"2025-08-21T13:59:15","slug":"remote-control","status":"publish","type":"product","link":"https:\/\/skintrade.org\/pt-pt\/produto\/remote-control\/","title":{"rendered":"Remote Control"},"content":{"rendered":"<p>A Tec-9 \u00e9 uma pistola ideal para os Terroristas que se deslocam com frequ\u00eancia, sempre letal em combates a curtas dist\u00e2ncias e possui carregadores com um elevado n\u00famero de balas. Esta arma em particular foi pintada com imagens de bot\u00f5es e interruptores sobre um fundo azul.<\/p>\n","protected":false},"excerpt":{"rendered":"<p>A Tec-9 \u00e9 uma pistola ideal para os Terroristas que se deslocam com frequ\u00eancia, sempre letal em combates a curtas dist\u00e2ncias e possui carregadores com um elevado n\u00famero de balas. Esta arma em particular foi pintada com imagens de bot\u00f5es e interruptores sobre um fundo azul.<\/p>\n","protected":false},"featured_media":14632,"template":"","meta":[],"product_brand":[],"product_cat":[321,330],"product_tag":[],"class_list":{"0":"post-14626","1":"product","2":"type-product","3":"status-publish","4":"has-post-thumbnail","6":"product_cat-pistolas","7":"product_cat-tec-9-pt-pt","8":"pa_rarity-confidencial","9":"pa_start-four-stars-pt-pt","10":"pa_subcategories-tec-9-pt-pt","12":"first","13":"instock","14":"shipping-taxable","15":"purchasable","16":"product-type-simple"},"_links":{"self":[{"href":"https:\/\/skintrade.org\/pt-pt\/wp-json\/wp\/v2\/product\/14626","targetHints":{"allow":["GET"]}}],"collection":[{"href":"https:\/\/skintrade.org\/pt-pt\/wp-json\/wp\/v2\/product"}],"about":[{"href":"https:\/\/skintrade.org\/pt-pt\/wp-json\/wp\/v2\/types\/product"}],"wp:featuredmedia":[{"embeddable":true,"href":"https:\/\/skintrade.org\/pt-pt\/wp-json\/wp\/v2\/media\/14632"}],"wp:attachment":[{"href":"https:\/\/skintrade.org\/pt-pt\/wp-json\/wp\/v2\/media?parent=14626"}],"wp:term":[{"taxonomy":"product_brand","embeddable":true,"href":"https:\/\/skintrade.org\/pt-pt\/wp-json\/wp\/v2\/product_brand?post=14626"},{"taxonomy":"product_cat","embeddable":true,"href":"https:\/\/skintrade.org\/pt-pt\/wp-json\/wp\/v2\/product_cat?post=14626"},{"taxonomy":"product_tag","embeddable":true,"href":"https:\/\/skintrade.org\/pt-pt\/wp-json\/wp\/v2\/product_tag?post=14626"}],"curies":[{"name":"wp","href":"https:\/\/api.w.org\/{rel}","templated":true}]}}