{"id":14525,"date":"2023-05-22T16:47:04","date_gmt":"2023-05-22T16:47:04","guid":{"rendered":"https:\/\/skin2go.r-s.space\/?post_type=product&#038;p=14525"},"modified":"2025-08-21T13:59:11","modified_gmt":"2025-08-21T13:59:11","slug":"limelight","status":"publish","type":"product","link":"https:\/\/skintrade.org\/pt-pt\/produto\/limelight\/","title":{"rendered":"Limelight"},"content":{"rendered":"<p>Esta cl\u00e1ssica ca\u00e7adeira de cano serrado causa imenso dano a curtas dist\u00e2ncias, mas com a sua baixa precis\u00e3o, elevada dispers\u00e3o e ritmo lento dos disparos, \u00e9 melhor que tenhas boa pontaria. Esta arma em particular foi decorada com curvas verdes-lima e brancas.<\/p>\n","protected":false},"excerpt":{"rendered":"<p>Esta cl\u00e1ssica ca\u00e7adeira de cano serrado causa imenso dano a curtas dist\u00e2ncias, mas com a sua baixa precis\u00e3o, elevada dispers\u00e3o e ritmo lento dos disparos, \u00e9 melhor que tenhas boa pontaria. Esta arma em particular foi decorada com curvas verdes-lima e brancas.<\/p>\n","protected":false},"featured_media":14529,"template":"","meta":[],"product_brand":[],"product_cat":[294,299],"product_tag":[],"class_list":{"0":"post-14525","1":"product","2":"type-product","3":"status-publish","4":"has-post-thumbnail","6":"product_cat-arma-pesada","7":"product_cat-sawed-off-pt-pt","8":"pa_rarity-restrito","9":"pa_start-four-stars-pt-pt","10":"pa_subcategories-sawed-off-pt-pt","12":"first","13":"instock","14":"shipping-taxable","15":"purchasable","16":"product-type-simple"},"_links":{"self":[{"href":"https:\/\/skintrade.org\/pt-pt\/wp-json\/wp\/v2\/product\/14525","targetHints":{"allow":["GET"]}}],"collection":[{"href":"https:\/\/skintrade.org\/pt-pt\/wp-json\/wp\/v2\/product"}],"about":[{"href":"https:\/\/skintrade.org\/pt-pt\/wp-json\/wp\/v2\/types\/product"}],"wp:featuredmedia":[{"embeddable":true,"href":"https:\/\/skintrade.org\/pt-pt\/wp-json\/wp\/v2\/media\/14529"}],"wp:attachment":[{"href":"https:\/\/skintrade.org\/pt-pt\/wp-json\/wp\/v2\/media?parent=14525"}],"wp:term":[{"taxonomy":"product_brand","embeddable":true,"href":"https:\/\/skintrade.org\/pt-pt\/wp-json\/wp\/v2\/product_brand?post=14525"},{"taxonomy":"product_cat","embeddable":true,"href":"https:\/\/skintrade.org\/pt-pt\/wp-json\/wp\/v2\/product_cat?post=14525"},{"taxonomy":"product_tag","embeddable":true,"href":"https:\/\/skintrade.org\/pt-pt\/wp-json\/wp\/v2\/product_tag?post=14525"}],"curies":[{"name":"wp","href":"https:\/\/api.w.org\/{rel}","templated":true}]}}