{"id":14503,"date":"2023-05-22T16:36:35","date_gmt":"2023-05-22T16:36:35","guid":{"rendered":"https:\/\/skin2go.r-s.space\/?post_type=product&#038;p=14503"},"modified":"2025-08-21T13:59:17","modified_gmt":"2025-08-21T13:59:17","slug":"irradiated-alert","status":"publish","type":"product","link":"https:\/\/skintrade.org\/pt-pt\/produto\/irradiated-alert\/","title":{"rendered":"Irradiated Alert"},"content":{"rendered":"<p>Esta cl\u00e1ssica ca\u00e7adeira de cano serrado causa imenso dano a curtas dist\u00e2ncias, mas com a sua baixa precis\u00e3o, elevada dispers\u00e3o e ritmo lento dos disparos, \u00e9 melhor que tenhas boa pontaria. Este item foi pintado a spray e decorado com s\u00edmbolos de aviso radioativos.<\/p>\n","protected":false},"excerpt":{"rendered":"<p>Esta cl\u00e1ssica ca\u00e7adeira de cano serrado causa imenso dano a curtas dist\u00e2ncias, mas com a sua baixa precis\u00e3o, elevada dispers\u00e3o e ritmo lento dos disparos, \u00e9 melhor que tenhas boa pontaria. Este item foi pintado a spray e decorado com s\u00edmbolos de aviso radioativos.<\/p>\n","protected":false},"featured_media":14513,"template":"","meta":[],"product_brand":[],"product_cat":[294,299],"product_tag":[],"class_list":{"0":"post-14503","1":"product","2":"type-product","3":"status-publish","4":"has-post-thumbnail","6":"product_cat-arma-pesada","7":"product_cat-sawed-off-pt-pt","8":"pa_rarity-padrao-domestico","9":"pa_start-four-stars-pt-pt","10":"pa_subcategories-sawed-off-pt-pt","12":"first","13":"instock","14":"shipping-taxable","15":"purchasable","16":"product-type-simple"},"_links":{"self":[{"href":"https:\/\/skintrade.org\/pt-pt\/wp-json\/wp\/v2\/product\/14503","targetHints":{"allow":["GET"]}}],"collection":[{"href":"https:\/\/skintrade.org\/pt-pt\/wp-json\/wp\/v2\/product"}],"about":[{"href":"https:\/\/skintrade.org\/pt-pt\/wp-json\/wp\/v2\/types\/product"}],"wp:featuredmedia":[{"embeddable":true,"href":"https:\/\/skintrade.org\/pt-pt\/wp-json\/wp\/v2\/media\/14513"}],"wp:attachment":[{"href":"https:\/\/skintrade.org\/pt-pt\/wp-json\/wp\/v2\/media?parent=14503"}],"wp:term":[{"taxonomy":"product_brand","embeddable":true,"href":"https:\/\/skintrade.org\/pt-pt\/wp-json\/wp\/v2\/product_brand?post=14503"},{"taxonomy":"product_cat","embeddable":true,"href":"https:\/\/skintrade.org\/pt-pt\/wp-json\/wp\/v2\/product_cat?post=14503"},{"taxonomy":"product_tag","embeddable":true,"href":"https:\/\/skintrade.org\/pt-pt\/wp-json\/wp\/v2\/product_tag?post=14503"}],"curies":[{"name":"wp","href":"https:\/\/api.w.org\/{rel}","templated":true}]}}