{"id":14397,"date":"2023-05-22T15:44:48","date_gmt":"2023-05-22T15:44:48","guid":{"rendered":"https:\/\/skin2go.r-s.space\/?post_type=product&#038;p=14397"},"modified":"2025-08-21T13:58:10","modified_gmt":"2025-08-21T13:58:10","slug":"tempest","status":"publish","type":"product","link":"https:\/\/skintrade.org\/pt-pt\/produto\/tempest\/","title":{"rendered":"Tempest"},"content":{"rendered":"<p>O pre\u00e7o relativamente baixo da Nova torna-a numa \u00f3tima arma de emboscada para uma equipa com pouco dinheiro. Esta arma \u00e9 uma lembran\u00e7a do mapa &#8216;Seaside&#8217; e foi decorada com desenhos de ondas e nuvens.<\/p>\n","protected":false},"excerpt":{"rendered":"<p>O pre\u00e7o relativamente baixo da Nova torna-a numa \u00f3tima arma de emboscada para uma equipa com pouco dinheiro. Esta arma \u00e9 uma lembran\u00e7a do mapa &#8216;Seaside&#8217; e foi decorada com desenhos de ondas e nuvens.<\/p>\n","protected":false},"featured_media":14401,"template":"","meta":[],"product_brand":[],"product_cat":[294,298],"product_tag":[],"class_list":{"0":"post-14397","1":"product","2":"type-product","3":"status-publish","4":"has-post-thumbnail","6":"product_cat-arma-pesada","7":"product_cat-nova-pt-pt","8":"pa_rarity-padrao-militar","9":"pa_start-three-stars-pt-pt","10":"pa_subcategories-nova-pt-pt","12":"first","13":"instock","14":"shipping-taxable","15":"purchasable","16":"product-type-simple"},"_links":{"self":[{"href":"https:\/\/skintrade.org\/pt-pt\/wp-json\/wp\/v2\/product\/14397","targetHints":{"allow":["GET"]}}],"collection":[{"href":"https:\/\/skintrade.org\/pt-pt\/wp-json\/wp\/v2\/product"}],"about":[{"href":"https:\/\/skintrade.org\/pt-pt\/wp-json\/wp\/v2\/types\/product"}],"wp:featuredmedia":[{"embeddable":true,"href":"https:\/\/skintrade.org\/pt-pt\/wp-json\/wp\/v2\/media\/14401"}],"wp:attachment":[{"href":"https:\/\/skintrade.org\/pt-pt\/wp-json\/wp\/v2\/media?parent=14397"}],"wp:term":[{"taxonomy":"product_brand","embeddable":true,"href":"https:\/\/skintrade.org\/pt-pt\/wp-json\/wp\/v2\/product_brand?post=14397"},{"taxonomy":"product_cat","embeddable":true,"href":"https:\/\/skintrade.org\/pt-pt\/wp-json\/wp\/v2\/product_cat?post=14397"},{"taxonomy":"product_tag","embeddable":true,"href":"https:\/\/skintrade.org\/pt-pt\/wp-json\/wp\/v2\/product_tag?post=14397"}],"curies":[{"name":"wp","href":"https:\/\/api.w.org\/{rel}","templated":true}]}}