{"id":14373,"date":"2023-05-22T14:39:29","date_gmt":"2023-05-22T14:39:29","guid":{"rendered":"https:\/\/skin2go.r-s.space\/?post_type=product&#038;p=14373"},"modified":"2025-08-21T13:58:06","modified_gmt":"2025-08-21T13:58:06","slug":"bloomstick","status":"publish","type":"product","link":"https:\/\/skintrade.org\/pt-pt\/produto\/bloomstick\/","title":{"rendered":"Bloomstick"},"content":{"rendered":"<p>O pre\u00e7o relativamente baixo da Nova torna-a numa \u00f3tima arma de emboscada para uma equipa com pouco dinheiro. Esta arma em particular foi pintada \u00e0 m\u00e3o com motivos florais e decorada com um acabamento brilhante.<\/p>\n","protected":false},"excerpt":{"rendered":"<p>O pre\u00e7o relativamente baixo da Nova torna-a numa \u00f3tima arma de emboscada para uma equipa com pouco dinheiro. Esta arma em particular foi pintada \u00e0 m\u00e3o com motivos florais e decorada com um acabamento brilhante.<\/p>\n","protected":false},"featured_media":14377,"template":"","meta":[],"product_brand":[],"product_cat":[294,298],"product_tag":[],"class_list":{"0":"post-14373","1":"product","2":"type-product","3":"status-publish","4":"has-post-thumbnail","6":"product_cat-arma-pesada","7":"product_cat-nova-pt-pt","8":"pa_rarity-confidencial","9":"pa_start-five-stars-pt-pt","10":"pa_subcategories-nova-pt-pt","12":"first","13":"instock","14":"shipping-taxable","15":"purchasable","16":"product-type-simple"},"_links":{"self":[{"href":"https:\/\/skintrade.org\/pt-pt\/wp-json\/wp\/v2\/product\/14373","targetHints":{"allow":["GET"]}}],"collection":[{"href":"https:\/\/skintrade.org\/pt-pt\/wp-json\/wp\/v2\/product"}],"about":[{"href":"https:\/\/skintrade.org\/pt-pt\/wp-json\/wp\/v2\/types\/product"}],"wp:featuredmedia":[{"embeddable":true,"href":"https:\/\/skintrade.org\/pt-pt\/wp-json\/wp\/v2\/media\/14377"}],"wp:attachment":[{"href":"https:\/\/skintrade.org\/pt-pt\/wp-json\/wp\/v2\/media?parent=14373"}],"wp:term":[{"taxonomy":"product_brand","embeddable":true,"href":"https:\/\/skintrade.org\/pt-pt\/wp-json\/wp\/v2\/product_brand?post=14373"},{"taxonomy":"product_cat","embeddable":true,"href":"https:\/\/skintrade.org\/pt-pt\/wp-json\/wp\/v2\/product_cat?post=14373"},{"taxonomy":"product_tag","embeddable":true,"href":"https:\/\/skintrade.org\/pt-pt\/wp-json\/wp\/v2\/product_tag?post=14373"}],"curies":[{"name":"wp","href":"https:\/\/api.w.org\/{rel}","templated":true}]}}