{"id":14356,"date":"2023-05-22T14:33:48","date_gmt":"2023-05-22T14:33:48","guid":{"rendered":"https:\/\/skin2go.r-s.space\/?post_type=product&#038;p=14356"},"modified":"2023-05-22T14:39:39","modified_gmt":"2023-05-22T14:39:39","slug":"blaze-orange","status":"publish","type":"product","link":"https:\/\/skintrade.org\/pt-pt\/produto\/blaze-orange\/","title":{"rendered":"Blaze Orange"},"content":{"rendered":"<p>O pre\u00e7o relativamente baixo da Nova torna-a numa \u00f3tima arma de emboscada para uma equipa com pouco dinheiro. Este item foi decorado com um padr\u00e3o de camuflagem fotogr\u00e1fico.<\/p>\n","protected":false},"excerpt":{"rendered":"<p>O pre\u00e7o relativamente baixo da Nova torna-a numa \u00f3tima arma de emboscada para uma equipa com pouco dinheiro. Este item foi decorado com um padr\u00e3o de camuflagem fotogr\u00e1fico.<\/p>\n","protected":false},"featured_media":14369,"template":"","meta":[],"product_brand":[],"product_cat":[294,298],"product_tag":[],"class_list":{"0":"post-14356","1":"product","2":"type-product","3":"status-publish","4":"has-post-thumbnail","6":"product_cat-arma-pesada","7":"product_cat-nova-pt-pt","8":"pa_rarity-padrao-militar","9":"pa_start-four-stars-pt-pt","10":"pa_subcategories-nova-pt-pt","12":"first","13":"instock","14":"shipping-taxable","15":"purchasable","16":"product-type-simple"},"_links":{"self":[{"href":"https:\/\/skintrade.org\/pt-pt\/wp-json\/wp\/v2\/product\/14356","targetHints":{"allow":["GET"]}}],"collection":[{"href":"https:\/\/skintrade.org\/pt-pt\/wp-json\/wp\/v2\/product"}],"about":[{"href":"https:\/\/skintrade.org\/pt-pt\/wp-json\/wp\/v2\/types\/product"}],"wp:featuredmedia":[{"embeddable":true,"href":"https:\/\/skintrade.org\/pt-pt\/wp-json\/wp\/v2\/media\/14369"}],"wp:attachment":[{"href":"https:\/\/skintrade.org\/pt-pt\/wp-json\/wp\/v2\/media?parent=14356"}],"wp:term":[{"taxonomy":"product_brand","embeddable":true,"href":"https:\/\/skintrade.org\/pt-pt\/wp-json\/wp\/v2\/product_brand?post=14356"},{"taxonomy":"product_cat","embeddable":true,"href":"https:\/\/skintrade.org\/pt-pt\/wp-json\/wp\/v2\/product_cat?post=14356"},{"taxonomy":"product_tag","embeddable":true,"href":"https:\/\/skintrade.org\/pt-pt\/wp-json\/wp\/v2\/product_tag?post=14356"}],"curies":[{"name":"wp","href":"https:\/\/api.w.org\/{rel}","templated":true}]}}