{"id":14308,"date":"2023-05-22T14:06:52","date_gmt":"2023-05-22T14:06:52","guid":{"rendered":"https:\/\/skin2go.r-s.space\/?post_type=product&#038;p=14308"},"modified":"2025-08-21T13:57:32","modified_gmt":"2025-08-21T13:57:32","slug":"nuclear-waste","status":"publish","type":"product","link":"https:\/\/skintrade.org\/pt-pt\/produto\/nuclear-waste\/","title":{"rendered":"Nuclear Waste"},"content":{"rendered":"<p>A Negev \u00e9 uma metralhadora capaz de manter os inimigos \u00e0 dist\u00e2ncia gra\u00e7as aos seus disparos supressivos e precisos, desde que disponhas do tempo necess\u00e1rio para control\u00e1-la. Esta arma em particular foi pintada com um padr\u00e3o hidrogr\u00e1fico de s\u00edmbolos de perigo nuclear.<\/p>\n","protected":false},"excerpt":{"rendered":"<p>A Negev \u00e9 uma metralhadora capaz de manter os inimigos \u00e0 dist\u00e2ncia gra\u00e7as aos seus disparos supressivos e precisos, desde que disponhas do tempo necess\u00e1rio para control\u00e1-la. Esta arma em particular foi pintada com um padr\u00e3o hidrogr\u00e1fico de s\u00edmbolos de perigo nuclear.<\/p>\n","protected":false},"featured_media":14312,"template":"","meta":[],"product_brand":[],"product_cat":[294,297],"product_tag":[],"class_list":{"0":"post-14308","1":"product","2":"type-product","3":"status-publish","4":"has-post-thumbnail","6":"product_cat-arma-pesada","7":"product_cat-negev-pt-pt","8":"pa_rarity-padrao-industrial","9":"pa_start-four-stars-pt-pt","10":"pa_subcategories-negev-pt-pt","12":"first","13":"instock","14":"shipping-taxable","15":"purchasable","16":"product-type-simple"},"_links":{"self":[{"href":"https:\/\/skintrade.org\/pt-pt\/wp-json\/wp\/v2\/product\/14308","targetHints":{"allow":["GET"]}}],"collection":[{"href":"https:\/\/skintrade.org\/pt-pt\/wp-json\/wp\/v2\/product"}],"about":[{"href":"https:\/\/skintrade.org\/pt-pt\/wp-json\/wp\/v2\/types\/product"}],"wp:featuredmedia":[{"embeddable":true,"href":"https:\/\/skintrade.org\/pt-pt\/wp-json\/wp\/v2\/media\/14312"}],"wp:attachment":[{"href":"https:\/\/skintrade.org\/pt-pt\/wp-json\/wp\/v2\/media?parent=14308"}],"wp:term":[{"taxonomy":"product_brand","embeddable":true,"href":"https:\/\/skintrade.org\/pt-pt\/wp-json\/wp\/v2\/product_brand?post=14308"},{"taxonomy":"product_cat","embeddable":true,"href":"https:\/\/skintrade.org\/pt-pt\/wp-json\/wp\/v2\/product_cat?post=14308"},{"taxonomy":"product_tag","embeddable":true,"href":"https:\/\/skintrade.org\/pt-pt\/wp-json\/wp\/v2\/product_tag?post=14308"}],"curies":[{"name":"wp","href":"https:\/\/api.w.org\/{rel}","templated":true}]}}