{"id":14300,"date":"2023-05-22T14:01:32","date_gmt":"2023-05-22T14:01:32","guid":{"rendered":"https:\/\/skin2go.r-s.space\/?post_type=product&#038;p=14300"},"modified":"2025-08-21T13:57:36","modified_gmt":"2025-08-21T13:57:36","slug":"boroque-sand","status":"publish","type":"product","link":"https:\/\/skintrade.org\/pt-pt\/produto\/boroque-sand\/","title":{"rendered":"Boroque Sand"},"content":{"rendered":"<p>A Negev \u00e9 uma metralhadora capaz de manter os inimigos \u00e0 dist\u00e2ncia gra\u00e7as aos seus disparos supressivos e precisos, desde que disponhas do tempo necess\u00e1rio para control\u00e1-la. Esta arma em particular foi decorada com um padr\u00e3o hidrogr\u00e1fico complexo com inspira\u00e7\u00e3o italiana.<\/p>\n","protected":false},"excerpt":{"rendered":"<p>A Negev \u00e9 uma metralhadora capaz de manter os inimigos \u00e0 dist\u00e2ncia gra\u00e7as aos seus disparos supressivos e precisos, desde que disponhas do tempo necess\u00e1rio para control\u00e1-la. Esta arma em particular foi decorada com um padr\u00e3o hidrogr\u00e1fico complexo com inspira\u00e7\u00e3o italiana.<\/p>\n","protected":false},"featured_media":14304,"template":"","meta":[],"product_brand":[],"product_cat":[294,297],"product_tag":[],"class_list":{"0":"post-14300","1":"product","2":"type-product","3":"status-publish","4":"has-post-thumbnail","6":"product_cat-arma-pesada","7":"product_cat-negev-pt-pt","8":"pa_rarity-padrao-domestico","9":"pa_start-three-stars-pt-pt","10":"pa_subcategories-negev-pt-pt","12":"first","13":"instock","14":"shipping-taxable","15":"purchasable","16":"product-type-simple"},"_links":{"self":[{"href":"https:\/\/skintrade.org\/pt-pt\/wp-json\/wp\/v2\/product\/14300","targetHints":{"allow":["GET"]}}],"collection":[{"href":"https:\/\/skintrade.org\/pt-pt\/wp-json\/wp\/v2\/product"}],"about":[{"href":"https:\/\/skintrade.org\/pt-pt\/wp-json\/wp\/v2\/types\/product"}],"wp:featuredmedia":[{"embeddable":true,"href":"https:\/\/skintrade.org\/pt-pt\/wp-json\/wp\/v2\/media\/14304"}],"wp:attachment":[{"href":"https:\/\/skintrade.org\/pt-pt\/wp-json\/wp\/v2\/media?parent=14300"}],"wp:term":[{"taxonomy":"product_brand","embeddable":true,"href":"https:\/\/skintrade.org\/pt-pt\/wp-json\/wp\/v2\/product_brand?post=14300"},{"taxonomy":"product_cat","embeddable":true,"href":"https:\/\/skintrade.org\/pt-pt\/wp-json\/wp\/v2\/product_cat?post=14300"},{"taxonomy":"product_tag","embeddable":true,"href":"https:\/\/skintrade.org\/pt-pt\/wp-json\/wp\/v2\/product_tag?post=14300"}],"curies":[{"name":"wp","href":"https:\/\/api.w.org\/{rel}","templated":true}]}}