{"id":14276,"date":"2023-05-22T13:45:43","date_gmt":"2023-05-22T13:45:43","guid":{"rendered":"https:\/\/skin2go.r-s.space\/?post_type=product&#038;p=14276"},"modified":"2025-08-21T13:57:34","modified_gmt":"2025-08-21T13:57:34","slug":"palm","status":"publish","type":"product","link":"https:\/\/skintrade.org\/pt-pt\/produto\/palm\/","title":{"rendered":"Palm"},"content":{"rendered":"<p>A Negev \u00e9 uma metralhadora capaz de manter os inimigos \u00e0 dist\u00e2ncia gra\u00e7as aos seus disparos supressivos e precisos, desde que disponhas do tempo necess\u00e1rio para control\u00e1-la. Esta arma \u00e9 uma lembran\u00e7a do mapa &#8216;Gwalior&#8217; e foi pintada a spray usando recortes de papel\u00e3o, rede fina e folhas de palmeira como stencils.<\/p>\n","protected":false},"excerpt":{"rendered":"<p>A Negev \u00e9 uma metralhadora capaz de manter os inimigos \u00e0 dist\u00e2ncia gra\u00e7as aos seus disparos supressivos e precisos, desde que disponhas do tempo necess\u00e1rio para control\u00e1-la. Esta arma \u00e9 uma lembran\u00e7a do mapa &#8216;Gwalior&#8217; e foi pintada a spray usando recortes de papel\u00e3o, rede fina e folhas de palmeira como stencils.<\/p>\n","protected":false},"featured_media":14280,"template":"","meta":[],"product_brand":[],"product_cat":[294,297],"product_tag":[],"class_list":{"0":"post-14276","1":"product","2":"type-product","3":"status-publish","4":"has-post-thumbnail","6":"product_cat-arma-pesada","7":"product_cat-negev-pt-pt","8":"pa_rarity-padrao-industrial","9":"pa_start-three-stars-pt-pt","10":"pa_subcategories-negev-pt-pt","12":"first","13":"instock","14":"shipping-taxable","15":"purchasable","16":"product-type-simple"},"_links":{"self":[{"href":"https:\/\/skintrade.org\/pt-pt\/wp-json\/wp\/v2\/product\/14276","targetHints":{"allow":["GET"]}}],"collection":[{"href":"https:\/\/skintrade.org\/pt-pt\/wp-json\/wp\/v2\/product"}],"about":[{"href":"https:\/\/skintrade.org\/pt-pt\/wp-json\/wp\/v2\/types\/product"}],"wp:featuredmedia":[{"embeddable":true,"href":"https:\/\/skintrade.org\/pt-pt\/wp-json\/wp\/v2\/media\/14280"}],"wp:attachment":[{"href":"https:\/\/skintrade.org\/pt-pt\/wp-json\/wp\/v2\/media?parent=14276"}],"wp:term":[{"taxonomy":"product_brand","embeddable":true,"href":"https:\/\/skintrade.org\/pt-pt\/wp-json\/wp\/v2\/product_brand?post=14276"},{"taxonomy":"product_cat","embeddable":true,"href":"https:\/\/skintrade.org\/pt-pt\/wp-json\/wp\/v2\/product_cat?post=14276"},{"taxonomy":"product_tag","embeddable":true,"href":"https:\/\/skintrade.org\/pt-pt\/wp-json\/wp\/v2\/product_tag?post=14276"}],"curies":[{"name":"wp","href":"https:\/\/api.w.org\/{rel}","templated":true}]}}