{"id":14244,"date":"2023-05-22T13:24:41","date_gmt":"2023-05-22T13:24:41","guid":{"rendered":"https:\/\/skin2go.r-s.space\/?post_type=product&#038;p=14244"},"modified":"2025-08-21T13:57:34","modified_gmt":"2025-08-21T13:57:34","slug":"aztec","status":"publish","type":"product","link":"https:\/\/skintrade.org\/pt-pt\/produto\/aztec\/","title":{"rendered":"Aztec"},"content":{"rendered":"<p>Tratando-se de uma potente metralhadora para espa\u00e7os abertos, a M249 \u00e9 a escolha perfeita para jogadores que n\u00e3o se importam com um ritmo de disparo lento e procuram uma maior precis\u00e3o e muitas, mas mesmo muitas, balas. Descoberta em escava\u00e7\u00f5es nas ru\u00ednas astecas, esta M249 tem partes que enferrujaram e foram cobertas de musgo.<\/p>\n","protected":false},"excerpt":{"rendered":"<p>Tratando-se de uma potente metralhadora para espa\u00e7os abertos, a M249 \u00e9 a escolha perfeita para jogadores que n\u00e3o se importam com um ritmo de disparo lento e procuram uma maior precis\u00e3o e muitas, mas mesmo muitas, balas. Descoberta em escava\u00e7\u00f5es nas ru\u00ednas astecas, esta M249 tem partes que enferrujaram e foram cobertas de musgo.<\/p>\n","protected":false},"featured_media":14248,"template":"","meta":[],"product_brand":[],"product_cat":[294,295],"product_tag":[],"class_list":{"0":"post-14244","1":"product","2":"type-product","3":"status-publish","4":"has-post-thumbnail","6":"product_cat-arma-pesada","7":"product_cat-m249-pt-pt","8":"pa_rarity-restrito","9":"pa_start-three-stars-pt-pt","10":"pa_subcategories-m249-pt-pt","12":"first","13":"instock","14":"shipping-taxable","15":"purchasable","16":"product-type-simple"},"_links":{"self":[{"href":"https:\/\/skintrade.org\/pt-pt\/wp-json\/wp\/v2\/product\/14244","targetHints":{"allow":["GET"]}}],"collection":[{"href":"https:\/\/skintrade.org\/pt-pt\/wp-json\/wp\/v2\/product"}],"about":[{"href":"https:\/\/skintrade.org\/pt-pt\/wp-json\/wp\/v2\/types\/product"}],"wp:featuredmedia":[{"embeddable":true,"href":"https:\/\/skintrade.org\/pt-pt\/wp-json\/wp\/v2\/media\/14248"}],"wp:attachment":[{"href":"https:\/\/skintrade.org\/pt-pt\/wp-json\/wp\/v2\/media?parent=14244"}],"wp:term":[{"taxonomy":"product_brand","embeddable":true,"href":"https:\/\/skintrade.org\/pt-pt\/wp-json\/wp\/v2\/product_brand?post=14244"},{"taxonomy":"product_cat","embeddable":true,"href":"https:\/\/skintrade.org\/pt-pt\/wp-json\/wp\/v2\/product_cat?post=14244"},{"taxonomy":"product_tag","embeddable":true,"href":"https:\/\/skintrade.org\/pt-pt\/wp-json\/wp\/v2\/product_tag?post=14244"}],"curies":[{"name":"wp","href":"https:\/\/api.w.org\/{rel}","templated":true}]}}