{"id":13919,"date":"2023-05-02T09:46:48","date_gmt":"2023-05-02T09:46:48","guid":{"rendered":"https:\/\/skin2go.r-s.space\/?post_type=product&#038;p=13919"},"modified":"2025-08-21T13:57:01","modified_gmt":"2025-08-21T13:57:01","slug":"demeter","status":"publish","type":"product","link":"https:\/\/skintrade.org\/pt-pt\/produto\/demeter\/","title":{"rendered":"Demeter"},"content":{"rendered":"<p>A G3SG1 \u00e9 das armas mais caras do jogo e reduz consideravelmente a mobilidade do seu portador, mas tem um ritmo de disparo elevado comparado com as outras espingardas sniper. Esta arma \u00e9 uma lembran\u00e7a do mapa &#8216;Ali&#8217; e foi decorada com um padr\u00e3o de mosaico.<\/p>\n","protected":false},"excerpt":{"rendered":"<p>A G3SG1 \u00e9 das armas mais caras do jogo e reduz consideravelmente a mobilidade do seu portador, mas tem um ritmo de disparo elevado comparado com as outras espingardas sniper. Esta arma \u00e9 uma lembran\u00e7a do mapa &#8216;Ali&#8217; e foi decorada com um padr\u00e3o de mosaico.<\/p>\n","protected":false},"featured_media":13923,"template":"","meta":[],"product_brand":[],"product_cat":[269,335],"product_tag":[],"class_list":{"0":"post-13919","1":"product","2":"type-product","3":"status-publish","4":"has-post-thumbnail","6":"product_cat-espingarda","7":"product_cat-g3sg1-pt-pt","8":"pa_rarity-padrao-militar","9":"pa_start-one-star-pt-pt","10":"pa_subcategories-g3sg1-pt-pt","12":"first","13":"instock","14":"shipping-taxable","15":"purchasable","16":"product-type-simple"},"_links":{"self":[{"href":"https:\/\/skintrade.org\/pt-pt\/wp-json\/wp\/v2\/product\/13919","targetHints":{"allow":["GET"]}}],"collection":[{"href":"https:\/\/skintrade.org\/pt-pt\/wp-json\/wp\/v2\/product"}],"about":[{"href":"https:\/\/skintrade.org\/pt-pt\/wp-json\/wp\/v2\/types\/product"}],"wp:featuredmedia":[{"embeddable":true,"href":"https:\/\/skintrade.org\/pt-pt\/wp-json\/wp\/v2\/media\/13923"}],"wp:attachment":[{"href":"https:\/\/skintrade.org\/pt-pt\/wp-json\/wp\/v2\/media?parent=13919"}],"wp:term":[{"taxonomy":"product_brand","embeddable":true,"href":"https:\/\/skintrade.org\/pt-pt\/wp-json\/wp\/v2\/product_brand?post=13919"},{"taxonomy":"product_cat","embeddable":true,"href":"https:\/\/skintrade.org\/pt-pt\/wp-json\/wp\/v2\/product_cat?post=13919"},{"taxonomy":"product_tag","embeddable":true,"href":"https:\/\/skintrade.org\/pt-pt\/wp-json\/wp\/v2\/product_tag?post=13919"}],"curies":[{"name":"wp","href":"https:\/\/api.w.org\/{rel}","templated":true}]}}