{"id":13855,"date":"2023-05-01T08:29:03","date_gmt":"2023-05-01T08:29:03","guid":{"rendered":"https:\/\/skin2go.r-s.space\/?post_type=product&#038;p=13855"},"modified":"2023-05-25T16:07:09","modified_gmt":"2023-05-25T16:07:09","slug":"fragments","status":"publish","type":"product","link":"https:\/\/skintrade.org\/pt-pt\/produto\/fragments\/","title":{"rendered":"Fragments"},"content":{"rendered":"<p>A SCAR-20 \u00e9 uma espingarda sniper semi-autom\u00e1tica que, apesar de ser cara e reduzir a mobilidade do seu portador, tem um ritmo elevado de disparo e causa uma elevada quantidade de dano a longas dist\u00e2ncias. Esta arma em particular tem um acabamento metalizado que cria a ilus\u00e3o de que a pr\u00f3pria geometria da arma foi alterada.<\/p>\n","protected":false},"excerpt":{"rendered":"<p>A SCAR-20 \u00e9 uma espingarda sniper semi-autom\u00e1tica que, apesar de ser cara e reduzir a mobilidade do seu portador, tem um ritmo elevado de disparo e causa uma elevada quantidade de dano a longas dist\u00e2ncias. Esta arma em particular tem um acabamento metalizado que cria a ilus\u00e3o de que a pr\u00f3pria geometria da arma foi [&#8230;]\n","protected":false},"featured_media":13861,"template":"","meta":[],"product_brand":[],"product_cat":[269,339],"product_tag":[],"class_list":{"0":"post-13855","1":"product","2":"type-product","3":"status-publish","4":"has-post-thumbnail","6":"product_cat-espingarda","7":"product_cat-scar-20-pt-pt","8":"pa_rarity-padrao-militar","9":"pa_start-one-star-pt-pt","10":"pa_subcategories-scar-20-pt-pt","12":"first","13":"instock","14":"shipping-taxable","15":"purchasable","16":"product-type-simple"},"_links":{"self":[{"href":"https:\/\/skintrade.org\/pt-pt\/wp-json\/wp\/v2\/product\/13855","targetHints":{"allow":["GET"]}}],"collection":[{"href":"https:\/\/skintrade.org\/pt-pt\/wp-json\/wp\/v2\/product"}],"about":[{"href":"https:\/\/skintrade.org\/pt-pt\/wp-json\/wp\/v2\/types\/product"}],"wp:featuredmedia":[{"embeddable":true,"href":"https:\/\/skintrade.org\/pt-pt\/wp-json\/wp\/v2\/media\/13861"}],"wp:attachment":[{"href":"https:\/\/skintrade.org\/pt-pt\/wp-json\/wp\/v2\/media?parent=13855"}],"wp:term":[{"taxonomy":"product_brand","embeddable":true,"href":"https:\/\/skintrade.org\/pt-pt\/wp-json\/wp\/v2\/product_brand?post=13855"},{"taxonomy":"product_cat","embeddable":true,"href":"https:\/\/skintrade.org\/pt-pt\/wp-json\/wp\/v2\/product_cat?post=13855"},{"taxonomy":"product_tag","embeddable":true,"href":"https:\/\/skintrade.org\/pt-pt\/wp-json\/wp\/v2\/product_tag?post=13855"}],"curies":[{"name":"wp","href":"https:\/\/api.w.org\/{rel}","templated":true}]}}