{"id":13847,"date":"2023-05-01T08:25:20","date_gmt":"2023-05-01T08:25:20","guid":{"rendered":"https:\/\/skin2go.r-s.space\/?post_type=product&#038;p=13847"},"modified":"2025-08-21T13:56:19","modified_gmt":"2025-08-21T13:56:19","slug":"stone-mosaico","status":"publish","type":"product","link":"https:\/\/skintrade.org\/pt-pt\/produto\/stone-mosaico\/","title":{"rendered":"Stone Mosaico"},"content":{"rendered":"<p>A SCAR-20 \u00e9 uma espingarda sniper semi-autom\u00e1tica que, apesar de ser cara e reduzir a mobilidade do seu portador, tem um ritmo elevado de disparo e causa uma elevada quantidade de dano a longas dist\u00e2ncias. Esta arma em particular foi pintada com um padr\u00e3o hidrogr\u00e1fico de fragmentos de azulejos beje.<\/p>\n","protected":false},"excerpt":{"rendered":"<p>A SCAR-20 \u00e9 uma espingarda sniper semi-autom\u00e1tica que, apesar de ser cara e reduzir a mobilidade do seu portador, tem um ritmo elevado de disparo e causa uma elevada quantidade de dano a longas dist\u00e2ncias. Esta arma em particular foi pintada com um padr\u00e3o hidrogr\u00e1fico de fragmentos de azulejos beje.<\/p>\n","protected":false},"featured_media":13853,"template":"","meta":[],"product_brand":[],"product_cat":[269,339],"product_tag":[],"class_list":{"0":"post-13847","1":"product","2":"type-product","3":"status-publish","4":"has-post-thumbnail","6":"product_cat-espingarda","7":"product_cat-scar-20-pt-pt","8":"pa_rarity-padrao-domestico","9":"pa_start-three-stars-pt-pt","10":"pa_subcategories-scar-20-pt-pt","12":"first","13":"instock","14":"shipping-taxable","15":"purchasable","16":"product-type-simple"},"_links":{"self":[{"href":"https:\/\/skintrade.org\/pt-pt\/wp-json\/wp\/v2\/product\/13847","targetHints":{"allow":["GET"]}}],"collection":[{"href":"https:\/\/skintrade.org\/pt-pt\/wp-json\/wp\/v2\/product"}],"about":[{"href":"https:\/\/skintrade.org\/pt-pt\/wp-json\/wp\/v2\/types\/product"}],"wp:featuredmedia":[{"embeddable":true,"href":"https:\/\/skintrade.org\/pt-pt\/wp-json\/wp\/v2\/media\/13853"}],"wp:attachment":[{"href":"https:\/\/skintrade.org\/pt-pt\/wp-json\/wp\/v2\/media?parent=13847"}],"wp:term":[{"taxonomy":"product_brand","embeddable":true,"href":"https:\/\/skintrade.org\/pt-pt\/wp-json\/wp\/v2\/product_brand?post=13847"},{"taxonomy":"product_cat","embeddable":true,"href":"https:\/\/skintrade.org\/pt-pt\/wp-json\/wp\/v2\/product_cat?post=13847"},{"taxonomy":"product_tag","embeddable":true,"href":"https:\/\/skintrade.org\/pt-pt\/wp-json\/wp\/v2\/product_tag?post=13847"}],"curies":[{"name":"wp","href":"https:\/\/api.w.org\/{rel}","templated":true}]}}