{"id":13792,"date":"2023-04-28T17:32:22","date_gmt":"2023-04-28T17:32:22","guid":{"rendered":"https:\/\/skin2go.r-s.space\/?post_type=product&#038;p=13792"},"modified":"2025-08-21T13:56:17","modified_gmt":"2025-08-21T13:56:17","slug":"briefing","status":"publish","type":"product","link":"https:\/\/skintrade.org\/pt-pt\/produto\/briefing\/","title":{"rendered":"Briefing"},"content":{"rendered":"<p>Podendo ser considerada como uma filha incompreendida da fam\u00edlia das submetralhadoras, a UMP45 \u00e9 uma arma autom\u00e1tica vers\u00e1til e \u00f3tima a disparar em alvos pr\u00f3ximos, por\u00e9m o seu carregador tem relativamente poucas balas. Esta arma em particular foi decorada com um decalque hidrogr\u00e1fico semelhante a um mapa topogr\u00e1fico.<\/p>\n","protected":false},"excerpt":{"rendered":"<p>Podendo ser considerada como uma filha incompreendida da fam\u00edlia das submetralhadoras, a UMP45 \u00e9 uma arma autom\u00e1tica vers\u00e1til e \u00f3tima a disparar em alvos pr\u00f3ximos, por\u00e9m o seu carregador tem relativamente poucas balas. Esta arma em particular foi decorada com um decalque hidrogr\u00e1fico semelhante a um mapa topogr\u00e1fico.<\/p>\n","protected":false},"featured_media":13798,"template":"","meta":[],"product_brand":[],"product_cat":[342,349],"product_tag":[],"class_list":{"0":"post-13792","1":"product","2":"type-product","3":"status-publish","4":"has-post-thumbnail","6":"product_cat-submetralhadoras","7":"product_cat-ump-45-pt-pt","8":"pa_rarity-padrao-militar","9":"pa_start-one-star-pt-pt","10":"pa_subcategories-ump-45-pt-pt","12":"first","13":"instock","14":"shipping-taxable","15":"purchasable","16":"product-type-simple"},"_links":{"self":[{"href":"https:\/\/skintrade.org\/pt-pt\/wp-json\/wp\/v2\/product\/13792","targetHints":{"allow":["GET"]}}],"collection":[{"href":"https:\/\/skintrade.org\/pt-pt\/wp-json\/wp\/v2\/product"}],"about":[{"href":"https:\/\/skintrade.org\/pt-pt\/wp-json\/wp\/v2\/types\/product"}],"wp:featuredmedia":[{"embeddable":true,"href":"https:\/\/skintrade.org\/pt-pt\/wp-json\/wp\/v2\/media\/13798"}],"wp:attachment":[{"href":"https:\/\/skintrade.org\/pt-pt\/wp-json\/wp\/v2\/media?parent=13792"}],"wp:term":[{"taxonomy":"product_brand","embeddable":true,"href":"https:\/\/skintrade.org\/pt-pt\/wp-json\/wp\/v2\/product_brand?post=13792"},{"taxonomy":"product_cat","embeddable":true,"href":"https:\/\/skintrade.org\/pt-pt\/wp-json\/wp\/v2\/product_cat?post=13792"},{"taxonomy":"product_tag","embeddable":true,"href":"https:\/\/skintrade.org\/pt-pt\/wp-json\/wp\/v2\/product_tag?post=13792"}],"curies":[{"name":"wp","href":"https:\/\/api.w.org\/{rel}","templated":true}]}}