{"id":13784,"date":"2023-04-28T17:28:44","date_gmt":"2023-04-28T17:28:44","guid":{"rendered":"https:\/\/skin2go.r-s.space\/?post_type=product&#038;p=13784"},"modified":"2023-05-25T16:11:46","modified_gmt":"2023-05-25T16:11:46","slug":"full-stop-3","status":"publish","type":"product","link":"https:\/\/skintrade.org\/pt-pt\/produto\/full-stop-3\/","title":{"rendered":"Full Stop"},"content":{"rendered":"<p>Podendo ser considerada como uma filha incompreendida da fam\u00edlia das submetralhadoras, a UMP45 \u00e9 uma arma autom\u00e1tica vers\u00e1til e \u00f3tima a disparar em alvos pr\u00f3ximos, por\u00e9m o seu carregador tem relativamente poucas balas. Esta arma em particular foi pintada com um padr\u00e3o hidrogr\u00e1fico VariCamo.<\/p>\n","protected":false},"excerpt":{"rendered":"<p>Podendo ser considerada como uma filha incompreendida da fam\u00edlia das submetralhadoras, a UMP45 \u00e9 uma arma autom\u00e1tica vers\u00e1til e \u00f3tima a disparar em alvos pr\u00f3ximos, por\u00e9m o seu carregador tem relativamente poucas balas. Esta arma em particular foi pintada com um padr\u00e3o hidrogr\u00e1fico VariCamo.<\/p>\n","protected":false},"featured_media":13790,"template":"","meta":[],"product_brand":[],"product_cat":[279,342,349],"product_tag":[],"class_list":{"0":"post-13784","1":"product","2":"type-product","3":"status-publish","4":"has-post-thumbnail","6":"product_cat-a-colecao-train-2021","7":"product_cat-submetralhadoras","8":"product_cat-ump-45-pt-pt","9":"pa_rarity-padrao-militar","10":"pa_start-four-stars-pt-pt","11":"pa_subcategories-ump-45-pt-pt","13":"first","14":"instock","15":"shipping-taxable","16":"purchasable","17":"product-type-simple"},"_links":{"self":[{"href":"https:\/\/skintrade.org\/pt-pt\/wp-json\/wp\/v2\/product\/13784","targetHints":{"allow":["GET"]}}],"collection":[{"href":"https:\/\/skintrade.org\/pt-pt\/wp-json\/wp\/v2\/product"}],"about":[{"href":"https:\/\/skintrade.org\/pt-pt\/wp-json\/wp\/v2\/types\/product"}],"wp:featuredmedia":[{"embeddable":true,"href":"https:\/\/skintrade.org\/pt-pt\/wp-json\/wp\/v2\/media\/13790"}],"wp:attachment":[{"href":"https:\/\/skintrade.org\/pt-pt\/wp-json\/wp\/v2\/media?parent=13784"}],"wp:term":[{"taxonomy":"product_brand","embeddable":true,"href":"https:\/\/skintrade.org\/pt-pt\/wp-json\/wp\/v2\/product_brand?post=13784"},{"taxonomy":"product_cat","embeddable":true,"href":"https:\/\/skintrade.org\/pt-pt\/wp-json\/wp\/v2\/product_cat?post=13784"},{"taxonomy":"product_tag","embeddable":true,"href":"https:\/\/skintrade.org\/pt-pt\/wp-json\/wp\/v2\/product_tag?post=13784"}],"curies":[{"name":"wp","href":"https:\/\/api.w.org\/{rel}","templated":true}]}}