{"id":13702,"date":"2022-09-09T07:23:06","date_gmt":"2022-09-09T07:23:06","guid":{"rendered":"https:\/\/skin2go.r-s.space\/product\/usp-s-printstream\/"},"modified":"2025-08-21T13:55:36","modified_gmt":"2025-08-21T13:55:36","slug":"usp-s-printstream","status":"publish","type":"product","link":"https:\/\/skintrade.org\/pt-pt\/produto\/usp-s-printstream\/","title":{"rendered":"Printstream"},"content":{"rendered":"<p>Uma das favoritas dos f\u00e3s do Counter-Strike Source, a Silenced USP Pistol tem um silenciador amov\u00edvel que d\u00e1 aos tiros menos recuo e suprime o ru\u00eddo que chama a aten\u00e7\u00e3o. A corredi\u00e7a e o silenciador da arma s\u00e3o pintados de branco s\u00f3lido. A corredi\u00e7a apresenta numerosos pictogramas e as letras XXXY. O resto da arma \u00e9 pintado de preto.<\/p>\n","protected":false},"excerpt":{"rendered":"<p>Uma das favoritas dos f\u00e3s do Counter-Strike Source, a Silenced USP Pistol tem um silenciador amov\u00edvel que d\u00e1 aos tiros menos recuo e suprime o ru\u00eddo que chama a aten\u00e7\u00e3o. A corredi\u00e7a e o silenciador da arma s\u00e3o pintados de branco s\u00f3lido. A corredi\u00e7a apresenta numerosos pictogramas e as letras XXXY. O resto da arma [&#8230;]\n","protected":false},"featured_media":11905,"template":"","meta":[],"product_brand":[],"product_cat":[284,321,331],"product_tag":[],"class_list":{"0":"post-13702","1":"product","2":"type-product","3":"status-publish","4":"has-post-thumbnail","6":"product_cat-a-colecao-recoil","7":"product_cat-pistolas","8":"product_cat-usp-s-pt-pt","9":"pa_rarity-secreto","10":"pa_start-five-stars-pt-pt","11":"pa_subcategories-usp-s-pt-pt","13":"first","14":"instock","15":"shipping-taxable","16":"purchasable","17":"product-type-simple"},"_links":{"self":[{"href":"https:\/\/skintrade.org\/pt-pt\/wp-json\/wp\/v2\/product\/13702","targetHints":{"allow":["GET"]}}],"collection":[{"href":"https:\/\/skintrade.org\/pt-pt\/wp-json\/wp\/v2\/product"}],"about":[{"href":"https:\/\/skintrade.org\/pt-pt\/wp-json\/wp\/v2\/types\/product"}],"wp:featuredmedia":[{"embeddable":true,"href":"https:\/\/skintrade.org\/pt-pt\/wp-json\/wp\/v2\/media\/11905"}],"wp:attachment":[{"href":"https:\/\/skintrade.org\/pt-pt\/wp-json\/wp\/v2\/media?parent=13702"}],"wp:term":[{"taxonomy":"product_brand","embeddable":true,"href":"https:\/\/skintrade.org\/pt-pt\/wp-json\/wp\/v2\/product_brand?post=13702"},{"taxonomy":"product_cat","embeddable":true,"href":"https:\/\/skintrade.org\/pt-pt\/wp-json\/wp\/v2\/product_cat?post=13702"},{"taxonomy":"product_tag","embeddable":true,"href":"https:\/\/skintrade.org\/pt-pt\/wp-json\/wp\/v2\/product_tag?post=13702"}],"curies":[{"name":"wp","href":"https:\/\/api.w.org\/{rel}","templated":true}]}}