{"id":13701,"date":"2022-09-09T07:24:42","date_gmt":"2022-09-09T07:24:42","guid":{"rendered":"https:\/\/skin2go.r-s.space\/product\/awp-chromatic-aberration\/"},"modified":"2025-08-21T13:55:46","modified_gmt":"2025-08-21T13:55:46","slug":"awp-chromatic-aberration","status":"publish","type":"product","link":"https:\/\/skintrade.org\/pt-pt\/produto\/awp-chromatic-aberration\/","title":{"rendered":"Chromatic Aberration"},"content":{"rendered":"<p>O receptor e a mira da espingarda foram pintados com um padr\u00e3o que se assemelha a riscas de zebra cor-de-rosa e roxas. Este estilo permite uma apar\u00eancia extremamente personalizada numa gama completa de cores. A skin foi pintada com um esquema de cores roxo e rosa. Um \u00edcone de cartucho est\u00e1 localizado por cima do carregador. O n\u00famero 360 est\u00e1 pintado na parte de tr\u00e1s da coronha.<\/p>\n","protected":false},"excerpt":{"rendered":"<p>O receptor e a mira da espingarda foram pintados com um padr\u00e3o que se assemelha a riscas de zebra cor-de-rosa e roxas. Este estilo permite uma apar\u00eancia extremamente personalizada numa gama completa de cores. A skin foi pintada com um esquema de cores roxo e rosa. Um \u00edcone de cartucho est\u00e1 localizado por cima do [&#8230;]\n","protected":false},"featured_media":11908,"template":"","meta":[],"product_brand":[],"product_cat":[284,333,269],"product_tag":[],"class_list":{"0":"post-13701","1":"product","2":"type-product","3":"status-publish","4":"has-post-thumbnail","6":"product_cat-a-colecao-recoil","7":"product_cat-awp-pt-pt","8":"product_cat-espingarda","9":"pa_rarity-secreto","10":"pa_start-four-stars-pt-pt","11":"pa_subcategories-awp-pt-pt","13":"first","14":"instock","15":"shipping-taxable","16":"purchasable","17":"product-type-simple"},"_links":{"self":[{"href":"https:\/\/skintrade.org\/pt-pt\/wp-json\/wp\/v2\/product\/13701","targetHints":{"allow":["GET"]}}],"collection":[{"href":"https:\/\/skintrade.org\/pt-pt\/wp-json\/wp\/v2\/product"}],"about":[{"href":"https:\/\/skintrade.org\/pt-pt\/wp-json\/wp\/v2\/types\/product"}],"wp:featuredmedia":[{"embeddable":true,"href":"https:\/\/skintrade.org\/pt-pt\/wp-json\/wp\/v2\/media\/11908"}],"wp:attachment":[{"href":"https:\/\/skintrade.org\/pt-pt\/wp-json\/wp\/v2\/media?parent=13701"}],"wp:term":[{"taxonomy":"product_brand","embeddable":true,"href":"https:\/\/skintrade.org\/pt-pt\/wp-json\/wp\/v2\/product_brand?post=13701"},{"taxonomy":"product_cat","embeddable":true,"href":"https:\/\/skintrade.org\/pt-pt\/wp-json\/wp\/v2\/product_cat?post=13701"},{"taxonomy":"product_tag","embeddable":true,"href":"https:\/\/skintrade.org\/pt-pt\/wp-json\/wp\/v2\/product_tag?post=13701"}],"curies":[{"name":"wp","href":"https:\/\/api.w.org\/{rel}","templated":true}]}}