{"id":13698,"date":"2022-09-09T07:36:20","date_gmt":"2022-09-09T07:36:20","guid":{"rendered":"https:\/\/skin2go.r-s.space\/product\/p250-visions\/"},"modified":"2025-08-21T13:55:35","modified_gmt":"2025-08-21T13:55:35","slug":"p250-visions","status":"publish","type":"product","link":"https:\/\/skintrade.org\/pt-pt\/produto\/p250-visions\/","title":{"rendered":"Visions"},"content":{"rendered":"<p>Esta P250 foi pintada num estilo &#8220;Gunsmith&#8221;, com o acabamento Visions. A skin foi pintada com um intrincado padr\u00e3o multi-colorido que inclui v\u00e1rios elementos geom\u00e9tricos, florais e abstractos. A pega est\u00e1 adornada com a imagem de um rosto de mulher. A cor prim\u00e1ria desta skin \u00e9 composta por uma tonalidade verde.<\/p>\n","protected":false},"excerpt":{"rendered":"<p>Esta P250 foi pintada num estilo &#8220;Gunsmith&#8221;, com o acabamento Visions. A skin foi pintada com um intrincado padr\u00e3o multi-colorido que inclui v\u00e1rios elementos geom\u00e9tricos, florais e abstractos. A pega est\u00e1 adornada com a imagem de um rosto de mulher. A cor prim\u00e1ria desta skin \u00e9 composta por uma tonalidade verde.<\/p>\n","protected":false},"featured_media":11914,"template":"","meta":[],"product_brand":[],"product_cat":[284,328,321],"product_tag":[],"class_list":{"0":"post-13698","1":"product","2":"type-product","3":"status-publish","4":"has-post-thumbnail","6":"product_cat-a-colecao-recoil","7":"product_cat-p250-pt-pt","8":"product_cat-pistolas","9":"pa_rarity-confidencial","10":"pa_start-five-stars-pt-pt","11":"pa_subcategories-p250-pt-pt","13":"first","14":"instock","15":"shipping-taxable","16":"purchasable","17":"product-type-simple"},"_links":{"self":[{"href":"https:\/\/skintrade.org\/pt-pt\/wp-json\/wp\/v2\/product\/13698","targetHints":{"allow":["GET"]}}],"collection":[{"href":"https:\/\/skintrade.org\/pt-pt\/wp-json\/wp\/v2\/product"}],"about":[{"href":"https:\/\/skintrade.org\/pt-pt\/wp-json\/wp\/v2\/types\/product"}],"wp:featuredmedia":[{"embeddable":true,"href":"https:\/\/skintrade.org\/pt-pt\/wp-json\/wp\/v2\/media\/11914"}],"wp:attachment":[{"href":"https:\/\/skintrade.org\/pt-pt\/wp-json\/wp\/v2\/media?parent=13698"}],"wp:term":[{"taxonomy":"product_brand","embeddable":true,"href":"https:\/\/skintrade.org\/pt-pt\/wp-json\/wp\/v2\/product_brand?post=13698"},{"taxonomy":"product_cat","embeddable":true,"href":"https:\/\/skintrade.org\/pt-pt\/wp-json\/wp\/v2\/product_cat?post=13698"},{"taxonomy":"product_tag","embeddable":true,"href":"https:\/\/skintrade.org\/pt-pt\/wp-json\/wp\/v2\/product_tag?post=13698"}],"curies":[{"name":"wp","href":"https:\/\/api.w.org\/{rel}","templated":true}]}}