{"id":13697,"date":"2022-09-09T07:31:24","date_gmt":"2022-09-09T07:31:24","guid":{"rendered":"https:\/\/skin2go.r-s.space\/product\/ak-47-ice-coaled\/"},"modified":"2025-08-21T13:55:03","modified_gmt":"2025-08-21T13:55:03","slug":"ak-47-ice-coaled","status":"publish","type":"product","link":"https:\/\/skintrade.org\/pt-pt\/produto\/ak-47-ice-coaled\/","title":{"rendered":"Ice Coaled"},"content":{"rendered":"<p>Esta AK-47 foi pintada num estilo &#8220;Custom Paint Job&#8221;, com o acabamento Ice Coaled. A skin foi pintada num esquema de cores verde e ciano. O receptor da espingarda foi pintado com um padr\u00e3o abstracto em tons vibrantes de verde e azul. A parte superior do guarda-m\u00e3o \u00e9 verde claro e apresenta um padr\u00e3o pontilhado. O resto do corpo da arma est\u00e1 pintado de preto s\u00f3lido.<\/p>\n","protected":false},"excerpt":{"rendered":"<p>Esta AK-47 foi pintada num estilo &#8220;Custom Paint Job&#8221;, com o acabamento Ice Coaled. A skin foi pintada num esquema de cores verde e ciano. O receptor da espingarda foi pintado com um padr\u00e3o abstracto em tons vibrantes de verde e azul. A parte superior do guarda-m\u00e3o \u00e9 verde claro e apresenta um padr\u00e3o pontilhado. [&#8230;]\n","protected":false},"featured_media":11911,"template":"","meta":[],"product_brand":[],"product_cat":[284,268,269],"product_tag":[],"class_list":{"0":"post-13697","1":"product","2":"type-product","3":"status-publish","4":"has-post-thumbnail","6":"product_cat-a-colecao-recoil","7":"product_cat-ak-47-pt-pt-espingarda","8":"product_cat-espingarda","9":"pa_rarity-confidencial","10":"pa_start-five-stars-pt-pt","11":"pa_subcategories-ak-47-pt-pt","13":"first","14":"instock","15":"shipping-taxable","16":"purchasable","17":"product-type-simple"},"_links":{"self":[{"href":"https:\/\/skintrade.org\/pt-pt\/wp-json\/wp\/v2\/product\/13697","targetHints":{"allow":["GET"]}}],"collection":[{"href":"https:\/\/skintrade.org\/pt-pt\/wp-json\/wp\/v2\/product"}],"about":[{"href":"https:\/\/skintrade.org\/pt-pt\/wp-json\/wp\/v2\/types\/product"}],"wp:featuredmedia":[{"embeddable":true,"href":"https:\/\/skintrade.org\/pt-pt\/wp-json\/wp\/v2\/media\/11911"}],"wp:attachment":[{"href":"https:\/\/skintrade.org\/pt-pt\/wp-json\/wp\/v2\/media?parent=13697"}],"wp:term":[{"taxonomy":"product_brand","embeddable":true,"href":"https:\/\/skintrade.org\/pt-pt\/wp-json\/wp\/v2\/product_brand?post=13697"},{"taxonomy":"product_cat","embeddable":true,"href":"https:\/\/skintrade.org\/pt-pt\/wp-json\/wp\/v2\/product_cat?post=13697"},{"taxonomy":"product_tag","embeddable":true,"href":"https:\/\/skintrade.org\/pt-pt\/wp-json\/wp\/v2\/product_tag?post=13697"}],"curies":[{"name":"wp","href":"https:\/\/api.w.org\/{rel}","templated":true}]}}