{"id":13696,"date":"2022-09-09T07:40:51","date_gmt":"2022-09-09T07:40:51","guid":{"rendered":"https:\/\/skin2go.r-s.space\/product\/sawed-off-kiss%e2%99%a5love\/"},"modified":"2025-08-21T13:55:07","modified_gmt":"2025-08-21T13:55:07","slug":"sawed-off-kiss%e2%99%a5love","status":"publish","type":"product","link":"https:\/\/skintrade.org\/pt-pt\/produto\/sawed-off-kiss%e2%99%a5love\/","title":{"rendered":"Kiss\u2665Love"},"content":{"rendered":"<p>O elemento principal do design da skin \u00e9 a imagem de olhos femininos pintados em estilo anime. O cano est\u00e1 parcialmente adornado com um padr\u00e3o ondulado. Todos os elementos de design s\u00e3o pintados numa paleta de cores p\u00farpura-rosa. O guarda-m\u00e3o e a coronha s\u00e3o pintados de roxo s\u00f3lido. O design da skin tamb\u00e9m inclui inscri\u00e7\u00f5es t\u00e9cnicas localizadas em v\u00e1rias partes do corpo da arma. A parte de tr\u00e1s da espingarda foi pintada com a imagem do queixo e da boca de uma rapariga, acompanhada da inscri\u00e7\u00e3o Kiss\u2665Love.<\/p>\n","protected":false},"excerpt":{"rendered":"<p>O elemento principal do design da skin \u00e9 a imagem de olhos femininos pintados em estilo anime. O cano est\u00e1 parcialmente adornado com um padr\u00e3o ondulado. Todos os elementos de design s\u00e3o pintados numa paleta de cores p\u00farpura-rosa. O guarda-m\u00e3o e a coronha s\u00e3o pintados de roxo s\u00f3lido. O design da skin tamb\u00e9m inclui inscri\u00e7\u00f5es [&#8230;]\n","protected":false},"featured_media":11918,"template":"","meta":[],"product_brand":[],"product_cat":[284,294,299],"product_tag":[],"class_list":{"0":"post-13696","1":"product","2":"type-product","3":"status-publish","4":"has-post-thumbnail","6":"product_cat-a-colecao-recoil","7":"product_cat-arma-pesada","8":"product_cat-sawed-off-pt-pt","9":"pa_rarity-confidencial","10":"pa_subcategories-sawed-off-pt-pt","12":"first","13":"instock","14":"shipping-taxable","15":"purchasable","16":"product-type-simple"},"_links":{"self":[{"href":"https:\/\/skintrade.org\/pt-pt\/wp-json\/wp\/v2\/product\/13696","targetHints":{"allow":["GET"]}}],"collection":[{"href":"https:\/\/skintrade.org\/pt-pt\/wp-json\/wp\/v2\/product"}],"about":[{"href":"https:\/\/skintrade.org\/pt-pt\/wp-json\/wp\/v2\/types\/product"}],"wp:featuredmedia":[{"embeddable":true,"href":"https:\/\/skintrade.org\/pt-pt\/wp-json\/wp\/v2\/media\/11918"}],"wp:attachment":[{"href":"https:\/\/skintrade.org\/pt-pt\/wp-json\/wp\/v2\/media?parent=13696"}],"wp:term":[{"taxonomy":"product_brand","embeddable":true,"href":"https:\/\/skintrade.org\/pt-pt\/wp-json\/wp\/v2\/product_brand?post=13696"},{"taxonomy":"product_cat","embeddable":true,"href":"https:\/\/skintrade.org\/pt-pt\/wp-json\/wp\/v2\/product_cat?post=13696"},{"taxonomy":"product_tag","embeddable":true,"href":"https:\/\/skintrade.org\/pt-pt\/wp-json\/wp\/v2\/product_tag?post=13696"}],"curies":[{"name":"wp","href":"https:\/\/api.w.org\/{rel}","templated":true}]}}