{"id":13695,"date":"2022-09-09T07:43:41","date_gmt":"2022-09-09T07:43:41","guid":{"rendered":"https:\/\/skin2go.r-s.space\/product\/sg-553-dragon-tech\/"},"modified":"2025-08-21T13:55:04","modified_gmt":"2025-08-21T13:55:04","slug":"sg-553-dragon-tech","status":"publish","type":"product","link":"https:\/\/skintrade.org\/pt-pt\/produto\/sg-553-dragon-tech\/","title":{"rendered":"Dragon Tech"},"content":{"rendered":"<p>O design da skin \u00e9 uma mistura de est\u00e9tica oriental tradicional e cyberpunk. O receptor, o punho e o carregador foram pintados com a imagem de um drag\u00e3o biomec\u00e2nico verde-teal. Partes individuais do corpo da arma t\u00eam detalhes em cobre. Uma inscri\u00e7\u00e3o branca em japon\u00eas, que se traduz como &#8220;Esp\u00edrito de Drag\u00e3o&#8221;, est\u00e1 localizada por baixo da mira. Este estilo permite uma apar\u00eancia extremamente personalizada numa gama completa de cores.<\/p>\n","protected":false},"excerpt":{"rendered":"<p>O design da skin \u00e9 uma mistura de est\u00e9tica oriental tradicional e cyberpunk. O receptor, o punho e o carregador foram pintados com a imagem de um drag\u00e3o biomec\u00e2nico verde-teal. Partes individuais do corpo da arma t\u00eam detalhes em cobre. Uma inscri\u00e7\u00e3o branca em japon\u00eas, que se traduz como &#8220;Esp\u00edrito de Drag\u00e3o&#8221;, est\u00e1 localizada por [&#8230;]\n","protected":false},"featured_media":11919,"template":"","meta":[],"product_brand":[],"product_cat":[284,269,340],"product_tag":[],"class_list":{"0":"post-13695","1":"product","2":"type-product","3":"status-publish","4":"has-post-thumbnail","6":"product_cat-a-colecao-recoil","7":"product_cat-espingarda","8":"product_cat-sg-553-pt-pt","9":"pa_rarity-restrito","10":"pa_start-five-stars-pt-pt","11":"pa_subcategories-sg-553-pt-pt","13":"first","14":"instock","15":"shipping-taxable","16":"purchasable","17":"product-type-simple"},"_links":{"self":[{"href":"https:\/\/skintrade.org\/pt-pt\/wp-json\/wp\/v2\/product\/13695","targetHints":{"allow":["GET"]}}],"collection":[{"href":"https:\/\/skintrade.org\/pt-pt\/wp-json\/wp\/v2\/product"}],"about":[{"href":"https:\/\/skintrade.org\/pt-pt\/wp-json\/wp\/v2\/types\/product"}],"wp:featuredmedia":[{"embeddable":true,"href":"https:\/\/skintrade.org\/pt-pt\/wp-json\/wp\/v2\/media\/11919"}],"wp:attachment":[{"href":"https:\/\/skintrade.org\/pt-pt\/wp-json\/wp\/v2\/media?parent=13695"}],"wp:term":[{"taxonomy":"product_brand","embeddable":true,"href":"https:\/\/skintrade.org\/pt-pt\/wp-json\/wp\/v2\/product_brand?post=13695"},{"taxonomy":"product_cat","embeddable":true,"href":"https:\/\/skintrade.org\/pt-pt\/wp-json\/wp\/v2\/product_cat?post=13695"},{"taxonomy":"product_tag","embeddable":true,"href":"https:\/\/skintrade.org\/pt-pt\/wp-json\/wp\/v2\/product_tag?post=13695"}],"curies":[{"name":"wp","href":"https:\/\/api.w.org\/{rel}","templated":true}]}}