{"id":13693,"date":"2022-09-09T08:11:37","date_gmt":"2022-09-09T08:11:37","guid":{"rendered":"https:\/\/skin2go.r-s.space\/product\/r8-revolver-crazy-8\/"},"modified":"2025-08-21T13:54:58","modified_gmt":"2025-08-21T13:54:58","slug":"r8-revolver-crazy-8","status":"publish","type":"product","link":"https:\/\/skintrade.org\/pt-pt\/produto\/r8-revolver-crazy-8\/","title":{"rendered":"Crazy 8"},"content":{"rendered":"<p>A parte principal do corpo da arma \u00e9 pintada de preto s\u00f3lido. O cano \u00e9 adornado com um padr\u00e3o abstracto nas cores azul e roxo. Este estilo usa uma combina\u00e7\u00e3o de p\u00e1tina e estilos de pintura personalizados. A skin foi pintada num esquema de cores azul e roxo. O tambor \u00e9 pintado com numerosos pictogramas sob a forma de setas que apontam para o focinho. O cano tamb\u00e9m apresenta um pictograma de caveira branca com duas cruzes pretas nos lados.<\/p>\n","protected":false},"excerpt":{"rendered":"<p>A parte principal do corpo da arma \u00e9 pintada de preto s\u00f3lido. O cano \u00e9 adornado com um padr\u00e3o abstracto nas cores azul e roxo. Este estilo usa uma combina\u00e7\u00e3o de p\u00e1tina e estilos de pintura personalizados. A skin foi pintada num esquema de cores azul e roxo. O tambor \u00e9 pintado com numerosos pictogramas [&#8230;]\n","protected":false},"featured_media":11926,"template":"","meta":[],"product_brand":[],"product_cat":[284,321,329],"product_tag":[],"class_list":{"0":"post-13693","1":"product","2":"type-product","3":"status-publish","4":"has-post-thumbnail","6":"product_cat-a-colecao-recoil","7":"product_cat-pistolas","8":"product_cat-r8-revolver-pt-pt","9":"pa_rarity-restrito","10":"pa_start-two-stars-pt-pt","11":"pa_subcategories-r8-revolver-pt-pt","13":"first","14":"instock","15":"shipping-taxable","16":"purchasable","17":"product-type-simple"},"_links":{"self":[{"href":"https:\/\/skintrade.org\/pt-pt\/wp-json\/wp\/v2\/product\/13693","targetHints":{"allow":["GET"]}}],"collection":[{"href":"https:\/\/skintrade.org\/pt-pt\/wp-json\/wp\/v2\/product"}],"about":[{"href":"https:\/\/skintrade.org\/pt-pt\/wp-json\/wp\/v2\/types\/product"}],"wp:featuredmedia":[{"embeddable":true,"href":"https:\/\/skintrade.org\/pt-pt\/wp-json\/wp\/v2\/media\/11926"}],"wp:attachment":[{"href":"https:\/\/skintrade.org\/pt-pt\/wp-json\/wp\/v2\/media?parent=13693"}],"wp:term":[{"taxonomy":"product_brand","embeddable":true,"href":"https:\/\/skintrade.org\/pt-pt\/wp-json\/wp\/v2\/product_brand?post=13693"},{"taxonomy":"product_cat","embeddable":true,"href":"https:\/\/skintrade.org\/pt-pt\/wp-json\/wp\/v2\/product_cat?post=13693"},{"taxonomy":"product_tag","embeddable":true,"href":"https:\/\/skintrade.org\/pt-pt\/wp-json\/wp\/v2\/product_tag?post=13693"}],"curies":[{"name":"wp","href":"https:\/\/api.w.org\/{rel}","templated":true}]}}