{"id":13692,"date":"2022-09-09T08:17:51","date_gmt":"2022-09-09T08:17:51","guid":{"rendered":"https:\/\/skin2go.r-s.space\/product\/dual-berettas-flora-carnivora\/"},"modified":"2025-08-21T13:55:09","modified_gmt":"2025-08-21T13:55:09","slug":"dual-berettas-flora-carnivora","status":"publish","type":"product","link":"https:\/\/skintrade.org\/pt-pt\/produto\/dual-berettas-flora-carnivora\/","title":{"rendered":"Flora Carnivora"},"content":{"rendered":"<p>Este estilo permite uma apar\u00eancia extremamente personalizada numa gama completa de cores. Os corpos das pistolas foram pintados com um gradiente p\u00farpura-bege e complementados com imagens de plantas carn\u00edvoras que se assemelham a monstros com l\u00ednguas salientes, dentes afiados e espig\u00f5es. As imagens das plantas s\u00e3o pintadas em cores vivas, incluindo v\u00e1rios tons de roxo, verde e laranja.<\/p>\n","protected":false},"excerpt":{"rendered":"<p>Este estilo permite uma apar\u00eancia extremamente personalizada numa gama completa de cores. Os corpos das pistolas foram pintados com um gradiente p\u00farpura-bege e complementados com imagens de plantas carn\u00edvoras que se assemelham a monstros com l\u00ednguas salientes, dentes afiados e espig\u00f5es. As imagens das plantas s\u00e3o pintadas em cores vivas, incluindo v\u00e1rios tons de roxo, [&#8230;]\n","protected":false},"featured_media":11932,"template":"","meta":[],"product_brand":[],"product_cat":[284,324,321],"product_tag":[],"class_list":{"0":"post-13692","1":"product","2":"type-product","3":"status-publish","4":"has-post-thumbnail","6":"product_cat-a-colecao-recoil","7":"product_cat-dual-berettas-pt-pt","8":"product_cat-pistolas","9":"pa_rarity-restrito","10":"pa_start-five-stars-pt-pt","11":"pa_subcategories-dual-berettas-pt-pt","13":"first","14":"instock","15":"shipping-taxable","16":"purchasable","17":"product-type-simple"},"_links":{"self":[{"href":"https:\/\/skintrade.org\/pt-pt\/wp-json\/wp\/v2\/product\/13692","targetHints":{"allow":["GET"]}}],"collection":[{"href":"https:\/\/skintrade.org\/pt-pt\/wp-json\/wp\/v2\/product"}],"about":[{"href":"https:\/\/skintrade.org\/pt-pt\/wp-json\/wp\/v2\/types\/product"}],"wp:featuredmedia":[{"embeddable":true,"href":"https:\/\/skintrade.org\/pt-pt\/wp-json\/wp\/v2\/media\/11932"}],"wp:attachment":[{"href":"https:\/\/skintrade.org\/pt-pt\/wp-json\/wp\/v2\/media?parent=13692"}],"wp:term":[{"taxonomy":"product_brand","embeddable":true,"href":"https:\/\/skintrade.org\/pt-pt\/wp-json\/wp\/v2\/product_brand?post=13692"},{"taxonomy":"product_cat","embeddable":true,"href":"https:\/\/skintrade.org\/pt-pt\/wp-json\/wp\/v2\/product_cat?post=13692"},{"taxonomy":"product_tag","embeddable":true,"href":"https:\/\/skintrade.org\/pt-pt\/wp-json\/wp\/v2\/product_tag?post=13692"}],"curies":[{"name":"wp","href":"https:\/\/api.w.org\/{rel}","templated":true}]}}