{"id":13691,"date":"2022-09-09T08:15:35","date_gmt":"2022-09-09T08:15:35","guid":{"rendered":"https:\/\/skin2go.r-s.space\/product\/p90-vent-rush\/"},"modified":"2025-08-21T13:55:03","modified_gmt":"2025-08-21T13:55:03","slug":"p90-vent-rush","status":"publish","type":"product","link":"https:\/\/skintrade.org\/pt-pt\/produto\/p90-vent-rush\/","title":{"rendered":"Vent Rush"},"content":{"rendered":"<p>O corpo da arma foi modificado atrav\u00e9s de modela\u00e7\u00e3o 3D. O design da skin inclui elementos volum\u00e9tricos como fios, tubos e peda\u00e7os de fita adesiva. Imagens de chamas vermelho-alaranjadas est\u00e3o espalhadas aleatoriamente sobre o corpo preto da submetralhadora.<\/p>\n","protected":false},"excerpt":{"rendered":"<p>O corpo da arma foi modificado atrav\u00e9s de modela\u00e7\u00e3o 3D. O design da skin inclui elementos volum\u00e9tricos como fios, tubos e peda\u00e7os de fita adesiva. Imagens de chamas vermelho-alaranjadas est\u00e3o espalhadas aleatoriamente sobre o corpo preto da submetralhadora.<\/p>\n","protected":false},"featured_media":11929,"template":"","meta":[],"product_brand":[],"product_cat":[284,347,342],"product_tag":[],"class_list":{"0":"post-13691","1":"product","2":"type-product","3":"status-publish","4":"has-post-thumbnail","6":"product_cat-a-colecao-recoil","7":"product_cat-p90-pt-pt","8":"product_cat-submetralhadoras","9":"pa_rarity-restrito","10":"pa_start-four-stars-pt-pt","11":"pa_subcategories-p90-pt-pt","13":"first","14":"instock","15":"shipping-taxable","16":"purchasable","17":"product-type-simple"},"_links":{"self":[{"href":"https:\/\/skintrade.org\/pt-pt\/wp-json\/wp\/v2\/product\/13691","targetHints":{"allow":["GET"]}}],"collection":[{"href":"https:\/\/skintrade.org\/pt-pt\/wp-json\/wp\/v2\/product"}],"about":[{"href":"https:\/\/skintrade.org\/pt-pt\/wp-json\/wp\/v2\/types\/product"}],"wp:featuredmedia":[{"embeddable":true,"href":"https:\/\/skintrade.org\/pt-pt\/wp-json\/wp\/v2\/media\/11929"}],"wp:attachment":[{"href":"https:\/\/skintrade.org\/pt-pt\/wp-json\/wp\/v2\/media?parent=13691"}],"wp:term":[{"taxonomy":"product_brand","embeddable":true,"href":"https:\/\/skintrade.org\/pt-pt\/wp-json\/wp\/v2\/product_brand?post=13691"},{"taxonomy":"product_cat","embeddable":true,"href":"https:\/\/skintrade.org\/pt-pt\/wp-json\/wp\/v2\/product_cat?post=13691"},{"taxonomy":"product_tag","embeddable":true,"href":"https:\/\/skintrade.org\/pt-pt\/wp-json\/wp\/v2\/product_tag?post=13691"}],"curies":[{"name":"wp","href":"https:\/\/api.w.org\/{rel}","templated":true}]}}