{"id":13689,"date":"2022-09-09T08:26:05","date_gmt":"2022-09-09T08:26:05","guid":{"rendered":"https:\/\/skin2go.r-s.space\/product\/glock-18-winterized\/"},"modified":"2023-04-28T14:25:51","modified_gmt":"2023-04-28T14:25:51","slug":"glock-18-winterized","status":"publish","type":"product","link":"https:\/\/skintrade.org\/pt-pt\/produto\/glock-18-winterized\/","title":{"rendered":"Winterized"},"content":{"rendered":"<p>O corpo preto da pistola \u00e9 parcialmente pintado com um padr\u00e3o de camuflagem de Inverno azul-bege. Este estilo utiliza uma combina\u00e7\u00e3o de p\u00e1tina e estilos de pintura personalizados. A corredi\u00e7a foi modificada com a ajuda de modela\u00e7\u00e3o 3D e apresenta o log\u00f3tipo terrorista, bem como a inscri\u00e7\u00e3o ELITE CREW. O design da skin tamb\u00e9m inclui v\u00e1rias inscri\u00e7\u00f5es t\u00e9cnicas localizadas em v\u00e1rias partes do corpo da arma.<\/p>\n","protected":false},"excerpt":{"rendered":"<p>O corpo preto da pistola \u00e9 parcialmente pintado com um padr\u00e3o de camuflagem de Inverno azul-bege. Este estilo utiliza uma combina\u00e7\u00e3o de p\u00e1tina e estilos de pintura personalizados. A corredi\u00e7a foi modificada com a ajuda de modela\u00e7\u00e3o 3D e apresenta o log\u00f3tipo terrorista, bem como a inscri\u00e7\u00e3o ELITE CREW. O design da skin tamb\u00e9m inclui [&#8230;]\n","protected":false},"featured_media":11938,"template":"","meta":[],"product_brand":[],"product_cat":[284,326,321],"product_tag":[],"class_list":{"0":"post-13689","1":"product","2":"type-product","3":"status-publish","4":"has-post-thumbnail","6":"product_cat-a-colecao-recoil","7":"product_cat-glock-18-pt-pt","8":"product_cat-pistolas","9":"pa_rarity-padrao-militar","10":"pa_start-five-stars-pt-pt","11":"pa_subcategories-glock-18-pt-pt","13":"first","14":"instock","15":"shipping-taxable","16":"purchasable","17":"product-type-simple"},"_links":{"self":[{"href":"https:\/\/skintrade.org\/pt-pt\/wp-json\/wp\/v2\/product\/13689","targetHints":{"allow":["GET"]}}],"collection":[{"href":"https:\/\/skintrade.org\/pt-pt\/wp-json\/wp\/v2\/product"}],"about":[{"href":"https:\/\/skintrade.org\/pt-pt\/wp-json\/wp\/v2\/types\/product"}],"wp:featuredmedia":[{"embeddable":true,"href":"https:\/\/skintrade.org\/pt-pt\/wp-json\/wp\/v2\/media\/11938"}],"wp:attachment":[{"href":"https:\/\/skintrade.org\/pt-pt\/wp-json\/wp\/v2\/media?parent=13689"}],"wp:term":[{"taxonomy":"product_brand","embeddable":true,"href":"https:\/\/skintrade.org\/pt-pt\/wp-json\/wp\/v2\/product_brand?post=13689"},{"taxonomy":"product_cat","embeddable":true,"href":"https:\/\/skintrade.org\/pt-pt\/wp-json\/wp\/v2\/product_cat?post=13689"},{"taxonomy":"product_tag","embeddable":true,"href":"https:\/\/skintrade.org\/pt-pt\/wp-json\/wp\/v2\/product_tag?post=13689"}],"curies":[{"name":"wp","href":"https:\/\/api.w.org\/{rel}","templated":true}]}}