{"id":13688,"date":"2022-09-09T08:22:50","date_gmt":"2022-09-09T08:22:50","guid":{"rendered":"https:\/\/skin2go.r-s.space\/product\/m4a4-poly-mag\/"},"modified":"2023-04-28T14:25:23","modified_gmt":"2023-04-28T14:25:23","slug":"m4a4-poly-mag","status":"publish","type":"product","link":"https:\/\/skintrade.org\/pt-pt\/produto\/m4a4-poly-mag\/","title":{"rendered":"Poly Mag"},"content":{"rendered":"<p>O receptor e o cano s\u00e3o pintados de preto s\u00f3lido. O guarda-m\u00e3o, a pega e a coronha s\u00e3o em bege escuro. O carregador \u00e9 feito de pl\u00e1stico castanho transparente. O design do receptor apresenta v\u00e1rias inscri\u00e7\u00f5es t\u00e9cnicas, bem como uma letra azul desenhada \u00e0 m\u00e3o &#8220;ACE&#8221;.<\/p>\n","protected":false},"excerpt":{"rendered":"<p>O receptor e o cano s\u00e3o pintados de preto s\u00f3lido. O guarda-m\u00e3o, a pega e a coronha s\u00e3o em bege escuro. O carregador \u00e9 feito de pl\u00e1stico castanho transparente. O design do receptor apresenta v\u00e1rias inscri\u00e7\u00f5es t\u00e9cnicas, bem como uma letra azul desenhada \u00e0 m\u00e3o &#8220;ACE&#8221;.<\/p>\n","protected":false},"featured_media":11935,"template":"","meta":[],"product_brand":[],"product_cat":[284,269,338],"product_tag":[],"class_list":{"0":"post-13688","1":"product","2":"type-product","3":"status-publish","4":"has-post-thumbnail","6":"product_cat-a-colecao-recoil","7":"product_cat-espingarda","8":"product_cat-m4a4-pt-pt","9":"pa_rarity-padrao-militar","10":"pa_start-three-stars-pt-pt","11":"pa_subcategories-m4a4-pt-pt","13":"first","14":"instock","15":"shipping-taxable","16":"purchasable","17":"product-type-simple"},"_links":{"self":[{"href":"https:\/\/skintrade.org\/pt-pt\/wp-json\/wp\/v2\/product\/13688","targetHints":{"allow":["GET"]}}],"collection":[{"href":"https:\/\/skintrade.org\/pt-pt\/wp-json\/wp\/v2\/product"}],"about":[{"href":"https:\/\/skintrade.org\/pt-pt\/wp-json\/wp\/v2\/types\/product"}],"wp:featuredmedia":[{"embeddable":true,"href":"https:\/\/skintrade.org\/pt-pt\/wp-json\/wp\/v2\/media\/11935"}],"wp:attachment":[{"href":"https:\/\/skintrade.org\/pt-pt\/wp-json\/wp\/v2\/media?parent=13688"}],"wp:term":[{"taxonomy":"product_brand","embeddable":true,"href":"https:\/\/skintrade.org\/pt-pt\/wp-json\/wp\/v2\/product_brand?post=13688"},{"taxonomy":"product_cat","embeddable":true,"href":"https:\/\/skintrade.org\/pt-pt\/wp-json\/wp\/v2\/product_cat?post=13688"},{"taxonomy":"product_tag","embeddable":true,"href":"https:\/\/skintrade.org\/pt-pt\/wp-json\/wp\/v2\/product_tag?post=13688"}],"curies":[{"name":"wp","href":"https:\/\/api.w.org\/{rel}","templated":true}]}}