{"id":13687,"date":"2022-09-09T08:37:35","date_gmt":"2022-09-09T08:37:35","guid":{"rendered":"https:\/\/skin2go.r-s.space\/product\/famas-meow-36\/"},"modified":"2023-04-28T14:21:29","modified_gmt":"2023-04-28T14:21:29","slug":"famas-meow-36","status":"publish","type":"product","link":"https:\/\/skintrade.org\/pt-pt\/produto\/famas-meow-36\/","title":{"rendered":"Meow 36"},"content":{"rendered":"<p>Todo o corpo da espingarda foi pintado com um padr\u00e3o abstracto verde. O desenho inclui um n\u00famero &#8220;36&#8221; verde escuro, pintado na parte central do corpo. V\u00e1rias partes da arma apresentam elementos gr\u00e1ficos sob a forma de setas brancas, bem como o log\u00f3tipo da Meow Weapons. O cano n\u00e3o est\u00e1 pintado.<\/p>\n","protected":false},"excerpt":{"rendered":"<p>Todo o corpo da espingarda foi pintado com um padr\u00e3o abstracto verde. O desenho inclui um n\u00famero &#8220;36&#8221; verde escuro, pintado na parte central do corpo. V\u00e1rias partes da arma apresentam elementos gr\u00e1ficos sob a forma de setas brancas, bem como o log\u00f3tipo da Meow Weapons. O cano n\u00e3o est\u00e1 pintado.<\/p>\n","protected":false},"featured_media":11941,"template":"","meta":[],"product_brand":[],"product_cat":[284,269,334],"product_tag":[],"class_list":{"0":"post-13687","1":"product","2":"type-product","3":"status-publish","4":"has-post-thumbnail","6":"product_cat-a-colecao-recoil","7":"product_cat-espingarda","8":"product_cat-famas-pt-pt","9":"pa_rarity-padrao-militar","10":"pa_start-four-stars-pt-pt","11":"pa_subcategories-famas-pt-pt","13":"first","14":"instock","15":"shipping-taxable","16":"purchasable","17":"product-type-simple"},"_links":{"self":[{"href":"https:\/\/skintrade.org\/pt-pt\/wp-json\/wp\/v2\/product\/13687","targetHints":{"allow":["GET"]}}],"collection":[{"href":"https:\/\/skintrade.org\/pt-pt\/wp-json\/wp\/v2\/product"}],"about":[{"href":"https:\/\/skintrade.org\/pt-pt\/wp-json\/wp\/v2\/types\/product"}],"wp:featuredmedia":[{"embeddable":true,"href":"https:\/\/skintrade.org\/pt-pt\/wp-json\/wp\/v2\/media\/11941"}],"wp:attachment":[{"href":"https:\/\/skintrade.org\/pt-pt\/wp-json\/wp\/v2\/media?parent=13687"}],"wp:term":[{"taxonomy":"product_brand","embeddable":true,"href":"https:\/\/skintrade.org\/pt-pt\/wp-json\/wp\/v2\/product_brand?post=13687"},{"taxonomy":"product_cat","embeddable":true,"href":"https:\/\/skintrade.org\/pt-pt\/wp-json\/wp\/v2\/product_cat?post=13687"},{"taxonomy":"product_tag","embeddable":true,"href":"https:\/\/skintrade.org\/pt-pt\/wp-json\/wp\/v2\/product_tag?post=13687"}],"curies":[{"name":"wp","href":"https:\/\/api.w.org\/{rel}","templated":true}]}}