{"id":13686,"date":"2022-09-09T08:41:40","date_gmt":"2022-09-09T08:41:40","guid":{"rendered":"https:\/\/skin2go.r-s.space\/product\/mac-10-monkeyflage\/"},"modified":"2023-04-28T14:22:06","modified_gmt":"2023-04-28T14:22:06","slug":"mac-10-monkeyflage","status":"publish","type":"product","link":"https:\/\/skintrade.org\/pt-pt\/produto\/mac-10-monkeyflage\/","title":{"rendered":"Monkeyflage"},"content":{"rendered":"<p>A skin foi pintada num estilo de desenho animado. Todo o corpo da submetralhadora, incluindo a funda, est\u00e1 decorado com um padr\u00e3o de numerosos macacos rodeados de vegeta\u00e7\u00e3o tropical. O esquema de cores da skin inclui v\u00e1rios tons de verde, bege e vermelho. O carregador apresenta uma imagem de um ramo bege de uma planta tropical.<\/p>\n","protected":false},"excerpt":{"rendered":"<p>A skin foi pintada num estilo de desenho animado. Todo o corpo da submetralhadora, incluindo a funda, est\u00e1 decorado com um padr\u00e3o de numerosos macacos rodeados de vegeta\u00e7\u00e3o tropical. O esquema de cores da skin inclui v\u00e1rios tons de verde, bege e vermelho. O carregador apresenta uma imagem de um ramo bege de uma planta [&#8230;]\n","protected":false},"featured_media":11944,"template":"","meta":[],"product_brand":[],"product_cat":[284,343,342],"product_tag":[],"class_list":{"0":"post-13686","1":"product","2":"type-product","3":"status-publish","4":"has-post-thumbnail","6":"product_cat-a-colecao-recoil","7":"product_cat-mac-10-pt-pt","8":"product_cat-submetralhadoras","9":"pa_rarity-padrao-militar","10":"pa_start-five-stars-pt-pt","11":"pa_subcategories-mac-10-pt-pt","13":"first","14":"instock","15":"shipping-taxable","16":"purchasable","17":"product-type-simple"},"_links":{"self":[{"href":"https:\/\/skintrade.org\/pt-pt\/wp-json\/wp\/v2\/product\/13686","targetHints":{"allow":["GET"]}}],"collection":[{"href":"https:\/\/skintrade.org\/pt-pt\/wp-json\/wp\/v2\/product"}],"about":[{"href":"https:\/\/skintrade.org\/pt-pt\/wp-json\/wp\/v2\/types\/product"}],"wp:featuredmedia":[{"embeddable":true,"href":"https:\/\/skintrade.org\/pt-pt\/wp-json\/wp\/v2\/media\/11944"}],"wp:attachment":[{"href":"https:\/\/skintrade.org\/pt-pt\/wp-json\/wp\/v2\/media?parent=13686"}],"wp:term":[{"taxonomy":"product_brand","embeddable":true,"href":"https:\/\/skintrade.org\/pt-pt\/wp-json\/wp\/v2\/product_brand?post=13686"},{"taxonomy":"product_cat","embeddable":true,"href":"https:\/\/skintrade.org\/pt-pt\/wp-json\/wp\/v2\/product_cat?post=13686"},{"taxonomy":"product_tag","embeddable":true,"href":"https:\/\/skintrade.org\/pt-pt\/wp-json\/wp\/v2\/product_tag?post=13686"}],"curies":[{"name":"wp","href":"https:\/\/api.w.org\/{rel}","templated":true}]}}