{"id":13685,"date":"2022-09-09T08:43:59","date_gmt":"2022-09-09T08:43:59","guid":{"rendered":"https:\/\/skin2go.r-s.space\/product\/galil-ar-destroyer\/"},"modified":"2025-08-21T13:54:58","modified_gmt":"2025-08-21T13:54:58","slug":"galil-ar-destroyer","status":"publish","type":"product","link":"https:\/\/skintrade.org\/pt-pt\/produto\/galil-ar-destroyer\/","title":{"rendered":"Destroyer"},"content":{"rendered":"<p>A skin \u00e9 pintada nas cores preta e bege. O elemento-chave do design \u00e9 a palavra distorcida &#8220;DESTROYER&#8221; pintada no receptor, no carregador, no punho e na coronha. A parte do corpo da espingarda acima do cano \u00e9 tamb\u00e9m complementada por uma inscri\u00e7\u00e3o branca &#8220;DESTROYER&#8221; e um c\u00f3digo QR.<\/p>\n","protected":false},"excerpt":{"rendered":"<p>A skin \u00e9 pintada nas cores preta e bege. O elemento-chave do design \u00e9 a palavra distorcida &#8220;DESTROYER&#8221; pintada no receptor, no carregador, no punho e na coronha. A parte do corpo da espingarda acima do cano \u00e9 tamb\u00e9m complementada por uma inscri\u00e7\u00e3o branca &#8220;DESTROYER&#8221; e um c\u00f3digo QR.<\/p>\n","protected":false},"featured_media":11947,"template":"","meta":[],"product_brand":[],"product_cat":[284,269,336],"product_tag":[],"class_list":{"0":"post-13685","1":"product","2":"type-product","3":"status-publish","4":"has-post-thumbnail","6":"product_cat-a-colecao-recoil","7":"product_cat-espingarda","8":"product_cat-galil-ar-pt-pt","9":"pa_rarity-padrao-militar","10":"pa_start-four-stars-pt-pt","11":"pa_subcategories-galil-ar-pt-pt","13":"first","14":"instock","15":"shipping-taxable","16":"purchasable","17":"product-type-simple"},"_links":{"self":[{"href":"https:\/\/skintrade.org\/pt-pt\/wp-json\/wp\/v2\/product\/13685","targetHints":{"allow":["GET"]}}],"collection":[{"href":"https:\/\/skintrade.org\/pt-pt\/wp-json\/wp\/v2\/product"}],"about":[{"href":"https:\/\/skintrade.org\/pt-pt\/wp-json\/wp\/v2\/types\/product"}],"wp:featuredmedia":[{"embeddable":true,"href":"https:\/\/skintrade.org\/pt-pt\/wp-json\/wp\/v2\/media\/11947"}],"wp:attachment":[{"href":"https:\/\/skintrade.org\/pt-pt\/wp-json\/wp\/v2\/media?parent=13685"}],"wp:term":[{"taxonomy":"product_brand","embeddable":true,"href":"https:\/\/skintrade.org\/pt-pt\/wp-json\/wp\/v2\/product_brand?post=13685"},{"taxonomy":"product_cat","embeddable":true,"href":"https:\/\/skintrade.org\/pt-pt\/wp-json\/wp\/v2\/product_cat?post=13685"},{"taxonomy":"product_tag","embeddable":true,"href":"https:\/\/skintrade.org\/pt-pt\/wp-json\/wp\/v2\/product_tag?post=13685"}],"curies":[{"name":"wp","href":"https:\/\/api.w.org\/{rel}","templated":true}]}}