{"id":13679,"date":"2022-09-09T08:51:44","date_gmt":"2022-09-09T08:51:44","guid":{"rendered":"https:\/\/skin2go.r-s.space\/product\/ump-45-roadblock\/"},"modified":"2023-04-28T10:26:17","modified_gmt":"2023-04-28T10:26:17","slug":"ump-45-roadblock","status":"publish","type":"product","link":"https:\/\/skintrade.org\/pt-pt\/produto\/ump-45-roadblock\/","title":{"rendered":"Roadblock"},"content":{"rendered":"<p>Podendo ser considerada como uma filha incompreendida da fam\u00edlia das submetralhadoras, a UMP45 \u00e9 uma arma autom\u00e1tica vers\u00e1til e \u00f3tima a disparar em alvos pr\u00f3ximos, por\u00e9m o seu carregador tem relativamente poucas balas. Esta arma em particular foi decorada com linhas horizontais alaranjadas e setas a apontar para a frente.<\/p>\n","protected":false},"excerpt":{"rendered":"<p>Podendo ser considerada como uma filha incompreendida da fam\u00edlia das submetralhadoras, a UMP45 \u00e9 uma arma autom\u00e1tica vers\u00e1til e \u00f3tima a disparar em alvos pr\u00f3ximos, por\u00e9m o seu carregador tem relativamente poucas balas. Esta arma em particular foi decorada com linhas horizontais alaranjadas e setas a apontar para a frente.<\/p>\n","protected":false},"featured_media":11953,"template":"","meta":[],"product_brand":[],"product_cat":[284,342,349],"product_tag":[],"class_list":{"0":"post-13679","1":"product","2":"type-product","3":"status-publish","4":"has-post-thumbnail","6":"product_cat-a-colecao-recoil","7":"product_cat-submetralhadoras","8":"product_cat-ump-45-pt-pt","9":"pa_rarity-padrao-militar","10":"pa_start-five-stars-pt-pt","11":"pa_subcategories-ump-45-pt-pt","13":"first","14":"instock","15":"shipping-taxable","16":"purchasable","17":"product-type-simple"},"_links":{"self":[{"href":"https:\/\/skintrade.org\/pt-pt\/wp-json\/wp\/v2\/product\/13679","targetHints":{"allow":["GET"]}}],"collection":[{"href":"https:\/\/skintrade.org\/pt-pt\/wp-json\/wp\/v2\/product"}],"about":[{"href":"https:\/\/skintrade.org\/pt-pt\/wp-json\/wp\/v2\/types\/product"}],"wp:featuredmedia":[{"embeddable":true,"href":"https:\/\/skintrade.org\/pt-pt\/wp-json\/wp\/v2\/media\/11953"}],"wp:attachment":[{"href":"https:\/\/skintrade.org\/pt-pt\/wp-json\/wp\/v2\/media?parent=13679"}],"wp:term":[{"taxonomy":"product_brand","embeddable":true,"href":"https:\/\/skintrade.org\/pt-pt\/wp-json\/wp\/v2\/product_brand?post=13679"},{"taxonomy":"product_cat","embeddable":true,"href":"https:\/\/skintrade.org\/pt-pt\/wp-json\/wp\/v2\/product_cat?post=13679"},{"taxonomy":"product_tag","embeddable":true,"href":"https:\/\/skintrade.org\/pt-pt\/wp-json\/wp\/v2\/product_tag?post=13679"}],"curies":[{"name":"wp","href":"https:\/\/api.w.org\/{rel}","templated":true}]}}