{"id":13678,"date":"2022-09-09T08:46:29","date_gmt":"2022-09-09T08:46:29","guid":{"rendered":"https:\/\/skin2go.r-s.space\/product\/negev-drop-me\/"},"modified":"2023-04-28T10:25:07","modified_gmt":"2023-04-28T10:25:07","slug":"negev-drop-me","status":"publish","type":"product","link":"https:\/\/skintrade.org\/pt-pt\/produto\/negev-drop-me\/","title":{"rendered":"Drop Me"},"content":{"rendered":"<p>Todo o corpo da metralhadora foi pintado com fragmentos de v\u00e1rios padr\u00f5es, bem como com imagens cinzentas pintadas \u00e0 m\u00e3o. O guarda-m\u00e3o est\u00e1 decorado com uma imagem do sinal STOP com letras pretas DR escritas \u00e0 m\u00e3o sobre ele. O punho bege apresenta o c\u00f3digo da bomba. O esquema de cores da skin inclui vermelho e v\u00e1rios tons de castanho e verde. A skin \u00e9 envelhecida artificialmente e revestida com uma camada de ferrugem.<\/p>\n","protected":false},"excerpt":{"rendered":"<p>Todo o corpo da metralhadora foi pintado com fragmentos de v\u00e1rios padr\u00f5es, bem como com imagens cinzentas pintadas \u00e0 m\u00e3o. O guarda-m\u00e3o est\u00e1 decorado com uma imagem do sinal STOP com letras pretas DR escritas \u00e0 m\u00e3o sobre ele. O punho bege apresenta o c\u00f3digo da bomba. O esquema de cores da skin inclui vermelho [&#8230;]\n","protected":false},"featured_media":11950,"template":"","meta":[],"product_brand":[],"product_cat":[284,294,297],"product_tag":[],"class_list":{"0":"post-13678","1":"product","2":"type-product","3":"status-publish","4":"has-post-thumbnail","6":"product_cat-a-colecao-recoil","7":"product_cat-arma-pesada","8":"product_cat-negev-pt-pt","9":"pa_rarity-padrao-militar","10":"pa_start-four-stars-pt-pt","11":"pa_subcategories-negev-pt-pt","13":"first","14":"instock","15":"shipping-taxable","16":"purchasable","17":"product-type-simple"},"_links":{"self":[{"href":"https:\/\/skintrade.org\/pt-pt\/wp-json\/wp\/v2\/product\/13678","targetHints":{"allow":["GET"]}}],"collection":[{"href":"https:\/\/skintrade.org\/pt-pt\/wp-json\/wp\/v2\/product"}],"about":[{"href":"https:\/\/skintrade.org\/pt-pt\/wp-json\/wp\/v2\/types\/product"}],"wp:featuredmedia":[{"embeddable":true,"href":"https:\/\/skintrade.org\/pt-pt\/wp-json\/wp\/v2\/media\/11950"}],"wp:attachment":[{"href":"https:\/\/skintrade.org\/pt-pt\/wp-json\/wp\/v2\/media?parent=13678"}],"wp:term":[{"taxonomy":"product_brand","embeddable":true,"href":"https:\/\/skintrade.org\/pt-pt\/wp-json\/wp\/v2\/product_brand?post=13678"},{"taxonomy":"product_cat","embeddable":true,"href":"https:\/\/skintrade.org\/pt-pt\/wp-json\/wp\/v2\/product_cat?post=13678"},{"taxonomy":"product_tag","embeddable":true,"href":"https:\/\/skintrade.org\/pt-pt\/wp-json\/wp\/v2\/product_tag?post=13678"}],"curies":[{"name":"wp","href":"https:\/\/api.w.org\/{rel}","templated":true}]}}