{"id":13677,"date":"2022-09-09T08:56:11","date_gmt":"2022-09-09T08:56:11","guid":{"rendered":"https:\/\/skin2go.r-s.space\/product\/ak-47-nightwish\/"},"modified":"2025-08-21T13:55:00","modified_gmt":"2025-08-21T13:55:00","slug":"ak-47-nightwish","status":"publish","type":"product","link":"https:\/\/skintrade.org\/pt-pt\/produto\/ak-47-nightwish\/","title":{"rendered":"Nightwish"},"content":{"rendered":"<p>O receptor foi pintado com uma imagem da cabe\u00e7a de um monstro. Segundo o criador, o monstro \u00e9 o esp\u00edrito de um veado morto. A criatura tem olhos brilhantes e uma boca cheia de dentes afiados. O resto da arma est\u00e1 decorado com ornamentos em forma de linhas onduladas e espirais multicoloridas. A parte superior da coronha apresenta a inscri\u00e7\u00e3o &#8220;Nightwish&#8221;. O esquema de cores da skin inclui cores psicad\u00e9licas brilhantes complementadas por um efeito perolado.<\/p>\n","protected":false},"excerpt":{"rendered":"<p>O receptor foi pintado com uma imagem da cabe\u00e7a de um monstro. Segundo o criador, o monstro \u00e9 o esp\u00edrito de um veado morto. A criatura tem olhos brilhantes e uma boca cheia de dentes afiados. O resto da arma est\u00e1 decorado com ornamentos em forma de linhas onduladas e espirais multicoloridas. A parte superior [&#8230;]\n","protected":false},"featured_media":11956,"template":"","meta":[],"product_brand":[],"product_cat":[281,268,269],"product_tag":[],"class_list":{"0":"post-13677","1":"product","2":"type-product","3":"status-publish","4":"has-post-thumbnail","6":"product_cat-a-colecao-dreams-nightmares","7":"product_cat-ak-47-pt-pt-espingarda","8":"product_cat-espingarda","9":"pa_rarity-secreto","10":"pa_start-four-stars-pt-pt","11":"pa_subcategories-ak-47-pt-pt","13":"first","14":"instock","15":"shipping-taxable","16":"purchasable","17":"product-type-simple"},"_links":{"self":[{"href":"https:\/\/skintrade.org\/pt-pt\/wp-json\/wp\/v2\/product\/13677","targetHints":{"allow":["GET"]}}],"collection":[{"href":"https:\/\/skintrade.org\/pt-pt\/wp-json\/wp\/v2\/product"}],"about":[{"href":"https:\/\/skintrade.org\/pt-pt\/wp-json\/wp\/v2\/types\/product"}],"wp:featuredmedia":[{"embeddable":true,"href":"https:\/\/skintrade.org\/pt-pt\/wp-json\/wp\/v2\/media\/11956"}],"wp:attachment":[{"href":"https:\/\/skintrade.org\/pt-pt\/wp-json\/wp\/v2\/media?parent=13677"}],"wp:term":[{"taxonomy":"product_brand","embeddable":true,"href":"https:\/\/skintrade.org\/pt-pt\/wp-json\/wp\/v2\/product_brand?post=13677"},{"taxonomy":"product_cat","embeddable":true,"href":"https:\/\/skintrade.org\/pt-pt\/wp-json\/wp\/v2\/product_cat?post=13677"},{"taxonomy":"product_tag","embeddable":true,"href":"https:\/\/skintrade.org\/pt-pt\/wp-json\/wp\/v2\/product_tag?post=13677"}],"curies":[{"name":"wp","href":"https:\/\/api.w.org\/{rel}","templated":true}]}}