{"id":13676,"date":"2022-09-09T08:59:10","date_gmt":"2022-09-09T08:59:10","guid":{"rendered":"https:\/\/skin2go.r-s.space\/product\/mp9-starlight-protector\/"},"modified":"2025-08-21T13:54:56","modified_gmt":"2025-08-21T13:54:56","slug":"mp9-starlight-protector","status":"publish","type":"product","link":"https:\/\/skintrade.org\/pt-pt\/produto\/mp9-starlight-protector\/","title":{"rendered":"Starlight Protector"},"content":{"rendered":"<p>A parte principal do corpo da arma e a coronha est\u00e3o revestidas de tinta branca. O receptor foi pintado com uma imagem de uma cabe\u00e7a de unic\u00f3rnio com uma crina multicolorida. As partes individuais do corpo da arma s\u00e3o pintadas de cinzento escuro. O desenho \u00e9 complementado por detalhes em forma de estrelas douradas e pormenores geom\u00e9tricos.<\/p>\n","protected":false},"excerpt":{"rendered":"<p>A parte principal do corpo da arma e a coronha est\u00e3o revestidas de tinta branca. O receptor foi pintado com uma imagem de uma cabe\u00e7a de unic\u00f3rnio com uma crina multicolorida. As partes individuais do corpo da arma s\u00e3o pintadas de cinzento escuro. O desenho \u00e9 complementado por detalhes em forma de estrelas douradas e [&#8230;]\n","protected":false},"featured_media":11959,"template":"","meta":[],"product_brand":[],"product_cat":[281,346,342],"product_tag":[],"class_list":{"0":"post-13676","1":"product","2":"type-product","3":"status-publish","4":"has-post-thumbnail","6":"product_cat-a-colecao-dreams-nightmares","7":"product_cat-mp9-pt-pt","8":"product_cat-submetralhadoras","9":"pa_rarity-secreto","10":"pa_start-five-stars-pt-pt","11":"pa_subcategories-mp9-pt-pt","13":"first","14":"instock","15":"shipping-taxable","16":"purchasable","17":"product-type-simple"},"_links":{"self":[{"href":"https:\/\/skintrade.org\/pt-pt\/wp-json\/wp\/v2\/product\/13676","targetHints":{"allow":["GET"]}}],"collection":[{"href":"https:\/\/skintrade.org\/pt-pt\/wp-json\/wp\/v2\/product"}],"about":[{"href":"https:\/\/skintrade.org\/pt-pt\/wp-json\/wp\/v2\/types\/product"}],"wp:featuredmedia":[{"embeddable":true,"href":"https:\/\/skintrade.org\/pt-pt\/wp-json\/wp\/v2\/media\/11959"}],"wp:attachment":[{"href":"https:\/\/skintrade.org\/pt-pt\/wp-json\/wp\/v2\/media?parent=13676"}],"wp:term":[{"taxonomy":"product_brand","embeddable":true,"href":"https:\/\/skintrade.org\/pt-pt\/wp-json\/wp\/v2\/product_brand?post=13676"},{"taxonomy":"product_cat","embeddable":true,"href":"https:\/\/skintrade.org\/pt-pt\/wp-json\/wp\/v2\/product_cat?post=13676"},{"taxonomy":"product_tag","embeddable":true,"href":"https:\/\/skintrade.org\/pt-pt\/wp-json\/wp\/v2\/product_tag?post=13676"}],"curies":[{"name":"wp","href":"https:\/\/api.w.org\/{rel}","templated":true}]}}