{"id":13674,"date":"2022-09-09T09:02:06","date_gmt":"2022-09-09T09:02:06","guid":{"rendered":"https:\/\/skin2go.r-s.space\/product\/mp7-abyssal-apparition\/"},"modified":"2025-08-21T13:54:27","modified_gmt":"2025-08-21T13:54:27","slug":"mp7-abyssal-apparition","status":"publish","type":"product","link":"https:\/\/skintrade.org\/pt-pt\/produto\/mp7-abyssal-apparition\/","title":{"rendered":"Abyssal Apparition"},"content":{"rendered":"<p>Este estilo permite looks extremamente personalizados numa gama completa de cores. A cor prim\u00e1ria desta skin \u00e9 composta por uma tonalidade laranja. O corpo da arma foi pintado com uma imagem abstracta que se assemelha aos tent\u00e1culos de um monstro desconhecido. O design apresenta um efeito de aberra\u00e7\u00e3o crom\u00e1tica.<\/p>\n","protected":false},"excerpt":{"rendered":"<p>Este estilo permite looks extremamente personalizados numa gama completa de cores. A cor prim\u00e1ria desta skin \u00e9 composta por uma tonalidade laranja. O corpo da arma foi pintado com uma imagem abstracta que se assemelha aos tent\u00e1culos de um monstro desconhecido. O design apresenta um efeito de aberra\u00e7\u00e3o crom\u00e1tica.<\/p>\n","protected":false},"featured_media":11962,"template":"","meta":[],"product_brand":[],"product_cat":[281,345,342],"product_tag":[],"class_list":{"0":"post-13674","1":"product","2":"type-product","3":"status-publish","4":"has-post-thumbnail","6":"product_cat-a-colecao-dreams-nightmares","7":"product_cat-mp7-pt-pt","8":"product_cat-submetralhadoras","9":"pa_rarity-confidencial","10":"pa_start-four-stars-pt-pt","11":"pa_subcategories-mp7-pt-pt","13":"first","14":"instock","15":"shipping-taxable","16":"purchasable","17":"product-type-simple"},"_links":{"self":[{"href":"https:\/\/skintrade.org\/pt-pt\/wp-json\/wp\/v2\/product\/13674","targetHints":{"allow":["GET"]}}],"collection":[{"href":"https:\/\/skintrade.org\/pt-pt\/wp-json\/wp\/v2\/product"}],"about":[{"href":"https:\/\/skintrade.org\/pt-pt\/wp-json\/wp\/v2\/types\/product"}],"wp:featuredmedia":[{"embeddable":true,"href":"https:\/\/skintrade.org\/pt-pt\/wp-json\/wp\/v2\/media\/11962"}],"wp:attachment":[{"href":"https:\/\/skintrade.org\/pt-pt\/wp-json\/wp\/v2\/media?parent=13674"}],"wp:term":[{"taxonomy":"product_brand","embeddable":true,"href":"https:\/\/skintrade.org\/pt-pt\/wp-json\/wp\/v2\/product_brand?post=13674"},{"taxonomy":"product_cat","embeddable":true,"href":"https:\/\/skintrade.org\/pt-pt\/wp-json\/wp\/v2\/product_cat?post=13674"},{"taxonomy":"product_tag","embeddable":true,"href":"https:\/\/skintrade.org\/pt-pt\/wp-json\/wp\/v2\/product_tag?post=13674"}],"curies":[{"name":"wp","href":"https:\/\/api.w.org\/{rel}","templated":true}]}}