{"id":13673,"date":"2022-09-09T09:08:02","date_gmt":"2022-09-09T09:08:02","guid":{"rendered":"https:\/\/skin2go.r-s.space\/product\/dual-berettas-melondrama\/"},"modified":"2025-08-21T13:54:26","modified_gmt":"2025-08-21T13:54:26","slug":"dual-berettas-melondrama","status":"publish","type":"product","link":"https:\/\/skintrade.org\/pt-pt\/produto\/dual-berettas-melondrama\/","title":{"rendered":"Melondrama"},"content":{"rendered":"<p>Os corpos das pistolas azuis-marinho foram pintados com imagens de fatias de melancia com olhos esbugalhados e bocas sorridentes cheias de dentes. O design apresenta rabiscos verdes e beges desenhados \u00e0 m\u00e3o e as inscri\u00e7\u00f5es &#8220;Beware of Sleeping&#8221; (Cuidado com o sono) localizadas nos punhos.<\/p>\n","protected":false},"excerpt":{"rendered":"<p>Os corpos das pistolas azuis-marinho foram pintados com imagens de fatias de melancia com olhos esbugalhados e bocas sorridentes cheias de dentes. O design apresenta rabiscos verdes e beges desenhados \u00e0 m\u00e3o e as inscri\u00e7\u00f5es &#8220;Beware of Sleeping&#8221; (Cuidado com o sono) localizadas nos punhos.<\/p>\n","protected":false},"featured_media":11968,"template":"","meta":[],"product_brand":[],"product_cat":[281,324,321],"product_tag":[],"class_list":{"0":"post-13673","1":"product","2":"type-product","3":"status-publish","4":"has-post-thumbnail","6":"product_cat-a-colecao-dreams-nightmares","7":"product_cat-dual-berettas-pt-pt","8":"product_cat-pistolas","9":"pa_rarity-confidencial","10":"pa_start-five-stars-pt-pt","11":"pa_subcategories-dual-berettas-pt-pt","13":"first","14":"instock","15":"shipping-taxable","16":"purchasable","17":"product-type-simple"},"_links":{"self":[{"href":"https:\/\/skintrade.org\/pt-pt\/wp-json\/wp\/v2\/product\/13673","targetHints":{"allow":["GET"]}}],"collection":[{"href":"https:\/\/skintrade.org\/pt-pt\/wp-json\/wp\/v2\/product"}],"about":[{"href":"https:\/\/skintrade.org\/pt-pt\/wp-json\/wp\/v2\/types\/product"}],"wp:featuredmedia":[{"embeddable":true,"href":"https:\/\/skintrade.org\/pt-pt\/wp-json\/wp\/v2\/media\/11968"}],"wp:attachment":[{"href":"https:\/\/skintrade.org\/pt-pt\/wp-json\/wp\/v2\/media?parent=13673"}],"wp:term":[{"taxonomy":"product_brand","embeddable":true,"href":"https:\/\/skintrade.org\/pt-pt\/wp-json\/wp\/v2\/product_brand?post=13673"},{"taxonomy":"product_cat","embeddable":true,"href":"https:\/\/skintrade.org\/pt-pt\/wp-json\/wp\/v2\/product_cat?post=13673"},{"taxonomy":"product_tag","embeddable":true,"href":"https:\/\/skintrade.org\/pt-pt\/wp-json\/wp\/v2\/product_tag?post=13673"}],"curies":[{"name":"wp","href":"https:\/\/api.w.org\/{rel}","templated":true}]}}