{"id":13672,"date":"2022-09-09T09:05:04","date_gmt":"2022-09-09T09:05:04","guid":{"rendered":"https:\/\/skin2go.r-s.space\/product\/famas-rapid-eye-movement\/"},"modified":"2025-08-21T13:54:22","modified_gmt":"2025-08-21T13:54:22","slug":"famas-rapid-eye-movement","status":"publish","type":"product","link":"https:\/\/skintrade.org\/pt-pt\/produto\/famas-rapid-eye-movement\/","title":{"rendered":"Rapid Eye Movement"},"content":{"rendered":"<p>Este estilo utiliza uma combina\u00e7\u00e3o de p\u00e1tina e estilos de pintura personalizados. Todo o corpo da espingarda foi pintado com imagens de placas volum\u00e9tricas com olhos a olhar em diferentes direc\u00e7\u00f5es. O design tamb\u00e9m apresenta um padr\u00e3o abstracto de linhas onduladas e imagens de balas. O esquema de cores da skin inclui v\u00e1rios tons de rosa e roxo.<\/p>\n","protected":false},"excerpt":{"rendered":"<p>Este estilo utiliza uma combina\u00e7\u00e3o de p\u00e1tina e estilos de pintura personalizados. Todo o corpo da espingarda foi pintado com imagens de placas volum\u00e9tricas com olhos a olhar em diferentes direc\u00e7\u00f5es. O design tamb\u00e9m apresenta um padr\u00e3o abstracto de linhas onduladas e imagens de balas. O esquema de cores da skin inclui v\u00e1rios tons de [&#8230;]\n","protected":false},"featured_media":11965,"template":"","meta":[],"product_brand":[],"product_cat":[281,269,334],"product_tag":[],"class_list":{"0":"post-13672","1":"product","2":"type-product","3":"status-publish","4":"has-post-thumbnail","6":"product_cat-a-colecao-dreams-nightmares","7":"product_cat-espingarda","8":"product_cat-famas-pt-pt","9":"pa_rarity-confidencial","10":"pa_subcategories-famas-pt-pt","12":"first","13":"instock","14":"shipping-taxable","15":"purchasable","16":"product-type-simple"},"_links":{"self":[{"href":"https:\/\/skintrade.org\/pt-pt\/wp-json\/wp\/v2\/product\/13672","targetHints":{"allow":["GET"]}}],"collection":[{"href":"https:\/\/skintrade.org\/pt-pt\/wp-json\/wp\/v2\/product"}],"about":[{"href":"https:\/\/skintrade.org\/pt-pt\/wp-json\/wp\/v2\/types\/product"}],"wp:featuredmedia":[{"embeddable":true,"href":"https:\/\/skintrade.org\/pt-pt\/wp-json\/wp\/v2\/media\/11965"}],"wp:attachment":[{"href":"https:\/\/skintrade.org\/pt-pt\/wp-json\/wp\/v2\/media?parent=13672"}],"wp:term":[{"taxonomy":"product_brand","embeddable":true,"href":"https:\/\/skintrade.org\/pt-pt\/wp-json\/wp\/v2\/product_brand?post=13672"},{"taxonomy":"product_cat","embeddable":true,"href":"https:\/\/skintrade.org\/pt-pt\/wp-json\/wp\/v2\/product_cat?post=13672"},{"taxonomy":"product_tag","embeddable":true,"href":"https:\/\/skintrade.org\/pt-pt\/wp-json\/wp\/v2\/product_tag?post=13672"}],"curies":[{"name":"wp","href":"https:\/\/api.w.org\/{rel}","templated":true}]}}