{"id":13670,"date":"2022-09-09T09:13:53","date_gmt":"2022-09-09T09:13:53","guid":{"rendered":"https:\/\/skin2go.r-s.space\/product\/usp-s-ticket-to-hell\/"},"modified":"2025-08-21T13:54:26","modified_gmt":"2025-08-21T13:54:26","slug":"usp-s-ticket-to-hell","status":"publish","type":"product","link":"https:\/\/skintrade.org\/pt-pt\/produto\/usp-s-ticket-to-hell\/","title":{"rendered":"Ticket to Hell"},"content":{"rendered":"<p>Este estilo permite uma apar\u00eancia extremamente personalizada numa gama completa de cores. Todo o corpo da pistola foi pintado de preto s\u00f3lido e complementado com numerosas letras e \u00edcones brancos. O design tamb\u00e9m inclui c\u00f3digos de barras, c\u00f3digos QR e v\u00e1rios elementos gr\u00e1ficos.<\/p>\n","protected":false},"excerpt":{"rendered":"<p>Este estilo permite uma apar\u00eancia extremamente personalizada numa gama completa de cores. Todo o corpo da pistola foi pintado de preto s\u00f3lido e complementado com numerosas letras e \u00edcones brancos. O design tamb\u00e9m inclui c\u00f3digos de barras, c\u00f3digos QR e v\u00e1rios elementos gr\u00e1ficos.<\/p>\n","protected":false},"featured_media":11974,"template":"","meta":[],"product_brand":[],"product_cat":[281,321,331],"product_tag":[],"class_list":{"0":"post-13670","1":"product","2":"type-product","3":"status-publish","4":"has-post-thumbnail","6":"product_cat-a-colecao-dreams-nightmares","7":"product_cat-pistolas","8":"product_cat-usp-s-pt-pt","9":"pa_rarity-restrito","10":"pa_start-four-stars-pt-pt","11":"pa_subcategories-usp-s-pt-pt","13":"first","14":"instock","15":"shipping-taxable","16":"purchasable","17":"product-type-simple"},"_links":{"self":[{"href":"https:\/\/skintrade.org\/pt-pt\/wp-json\/wp\/v2\/product\/13670","targetHints":{"allow":["GET"]}}],"collection":[{"href":"https:\/\/skintrade.org\/pt-pt\/wp-json\/wp\/v2\/product"}],"about":[{"href":"https:\/\/skintrade.org\/pt-pt\/wp-json\/wp\/v2\/types\/product"}],"wp:featuredmedia":[{"embeddable":true,"href":"https:\/\/skintrade.org\/pt-pt\/wp-json\/wp\/v2\/media\/11974"}],"wp:attachment":[{"href":"https:\/\/skintrade.org\/pt-pt\/wp-json\/wp\/v2\/media?parent=13670"}],"wp:term":[{"taxonomy":"product_brand","embeddable":true,"href":"https:\/\/skintrade.org\/pt-pt\/wp-json\/wp\/v2\/product_brand?post=13670"},{"taxonomy":"product_cat","embeddable":true,"href":"https:\/\/skintrade.org\/pt-pt\/wp-json\/wp\/v2\/product_cat?post=13670"},{"taxonomy":"product_tag","embeddable":true,"href":"https:\/\/skintrade.org\/pt-pt\/wp-json\/wp\/v2\/product_tag?post=13670"}],"curies":[{"name":"wp","href":"https:\/\/api.w.org\/{rel}","templated":true}]}}